{"id":7231,"date":"2026-04-27T19:46:57","date_gmt":"2026-04-27T17:46:57","guid":{"rendered":"https:\/\/www.altea-alquilerdebarcos.com\/?post_type=product&#038;p=7231"},"modified":"2026-04-27T20:30:15","modified_gmt":"2026-04-27T18:30:15","slug":"astondoa-464-avec-capitaine-copia-2","status":"publish","type":"product","link":"https:\/\/www.altea-alquilerdebarcos.com\/fr\/bateaux\/astondoa-464-avec-capitaine-copia-2\/","title":{"rendered":"Catamaran avec capitaine"},"content":{"rendered":"<p><strong>Caract\u00e9ristiques<\/strong> (bateau avec skipper)<\/p>\n<ul>\n<li>Marque : FOUNTAINE PAJOT<\/li>\n<li>Moteurs : 2 x 480 CV<\/li>\n<li>longueur : 12 metres<\/li>\n<li>Max de personnes : 11 personnes<\/li>\n<li>Equipements : Bimini, solarium, musique, table , douche, \u00e9chelle de bain, cabine<\/li>\n<li>Le prix inclus : assurance , capitaine, nettoyage du bateaux, place au port, Paddle , Kayak, essence (zone Altea \/ Calp)<\/li>\n<li>Caution 800\u20ac<\/li>\n<\/ul>\n<p><strong>N\u2019est pas inclus ESSENCE\u00a0<\/strong><\/p>\n<p><strong>Basse saison (octobre a mars ) skipper inclus <\/strong><\/p>\n<ul>\n<li>2.5 heures 550\u20ac<\/li>\n<li>6 heures 490\u20ac<\/li>\n<li>8 heures 650\u20ac<\/li>\n<\/ul>\n<p><strong>Moyenne saison (Avril et Mai )<\/strong><\/p>\n<ul>\n<li>2.5 heures 550\u20ac<\/li>\n<li>6 heures 640\u20ac<\/li>\n<li>8 heures 850\u20ac<\/li>\n<li><\/li>\n<\/ul>\n<p><strong>Haute saison (Juin a Aout )<\/strong><\/p>\n<ul>\n<li>2.5 heures 550\u20ac<\/li>\n<li>4 heures 650\u20ac<\/li>\n<li>6 heures 863\u20ac<\/li>\n<li>8 heures 1150\u20ac<\/li>\n<\/ul>\n<p>Louer un catamaran \u00e0 Altea est l&rsquo;une des meilleures fa\u00e7ons de d\u00e9couvrir la Costa Blanca depuis la mer. Gr\u00e2ce \u00e0 leur stabilit\u00e9 et leur confort, les catamarans vous offrent une exp\u00e9rience de navigation relaxante, id\u00e9ale pour les groupes, les familles ou pour c\u00e9l\u00e9brer un \u00e9v\u00e9nement sp\u00e9cial.<\/p>\n<p>Depuis le port d&rsquo;Altea, vous acc\u00e9dez \u00e0 des criques spectaculaires comme l&rsquo;Isla de la Olla, Calpe ou la Sierra Helada. Nous proposons des excursions avec skipper professionnel, un service personnalis\u00e9 et des formules \u00e0 la demi-journ\u00e9e, \u00e0 la journ\u00e9e ou pour des \u00e9v\u00e9nements priv\u00e9s.<\/p>\n<p>Nos catamarans sont \u00e9quip\u00e9s d&rsquo;un pont soleil, d&rsquo;espaces ombrag\u00e9s, d&rsquo;un syst\u00e8me audio, d&rsquo;une \u00e9chelle de bain et de tout le n\u00e9cessaire pour une exp\u00e9rience haut de gamme en mer.<\/p>\n<p>R\u00e9servez votre catamaran \u00e0 Altea au meilleur prix et vivez une exp\u00e9rience unique en M\u00e9diterran\u00e9e.<\/p>\n<p>Location Catamaran Altea avec Evasion Nautica<\/p>\n","protected":false},"excerpt":{"rendered":"[elementor-template id=\"481\"]\n","protected":false},"featured_media":7241,"template":"","meta":{"_acf_changed":false},"product_brand":[],"product_cat":[50],"product_tag":[],"class_list":{"0":"post-7231","1":"product","2":"type-product","3":"status-publish","4":"has-post-thumbnail","6":"product_cat-locations","8":"first","9":"instock","10":"virtual","11":"purchasable","12":"product-type-simple"},"acf":[],"yoast_head":"<!-- This site is optimized with the Yoast SEO plugin v27.4 - https:\/\/yoast.com\/product\/yoast-seo-wordpress\/ -->\n<title>Catamaran avec capitaine - Evasion Nautica<\/title>\n<meta name=\"robots\" content=\"index, follow, max-snippet:-1, max-image-preview:large, max-video-preview:-1\" \/>\n<link rel=\"canonical\" href=\"https:\/\/www.altea-alquilerdebarcos.com\/fr\/bateaux\/astondoa-464-avec-capitaine-copia-2\/\" \/>\n<meta property=\"og:locale\" content=\"fr_FR\" \/>\n<meta property=\"og:type\" content=\"article\" \/>\n<meta property=\"og:title\" content=\"Catamaran avec capitaine - Evasion Nautica\" \/>\n<meta property=\"og:url\" content=\"https:\/\/www.altea-alquilerdebarcos.com\/fr\/bateaux\/astondoa-464-avec-capitaine-copia-2\/\" \/>\n<meta property=\"og:site_name\" content=\"Evasion Nautica\" \/>\n<meta property=\"article:publisher\" content=\"https:\/\/www.facebook.com\/evasionnautica.es\" \/>\n<meta property=\"article:modified_time\" content=\"2026-04-27T18:30:15+00:00\" \/>\n<meta property=\"og:image\" content=\"http:\/\/www.altea-alquilerdebarcos.com\/wp-content\/uploads\/2026\/04\/catamaran-fountaine-pajot.jpg\" \/>\n\t<meta property=\"og:image:width\" content=\"2000\" \/>\n\t<meta property=\"og:image:height\" content=\"2000\" \/>\n\t<meta property=\"og:image:type\" content=\"image\/jpeg\" \/>\n<meta name=\"twitter:card\" content=\"summary_large_image\" \/>\n<meta name=\"twitter:description\" content=\"[elementor-template id=&quot;481&quot;]\" \/>\n<meta name=\"twitter:site\" content=\"@evasion_nautica\" \/>\n<meta name=\"twitter:label1\" content=\"Dur\u00e9e de lecture estim\u00e9e\" \/>\n\t<meta name=\"twitter:data1\" content=\"2 minutes\" \/>\n<script type=\"application\/ld+json\" class=\"yoast-schema-graph\">{\"@context\":\"https:\\\/\\\/schema.org\",\"@graph\":[{\"@type\":\"WebPage\",\"@id\":\"https:\\\/\\\/www.altea-alquilerdebarcos.com\\\/fr\\\/bateaux\\\/astondoa-464-avec-capitaine-copia-2\\\/\",\"url\":\"https:\\\/\\\/www.altea-alquilerdebarcos.com\\\/fr\\\/bateaux\\\/astondoa-464-avec-capitaine-copia-2\\\/\",\"name\":\"Catamaran avec capitaine - Evasion Nautica\",\"isPartOf\":{\"@id\":\"http:\\\/\\\/www.altea-alquilerdebarcos.com\\\/fr\\\/#website\"},\"primaryImageOfPage\":{\"@id\":\"https:\\\/\\\/www.altea-alquilerdebarcos.com\\\/fr\\\/bateaux\\\/astondoa-464-avec-capitaine-copia-2\\\/#primaryimage\"},\"image\":{\"@id\":\"https:\\\/\\\/www.altea-alquilerdebarcos.com\\\/fr\\\/bateaux\\\/astondoa-464-avec-capitaine-copia-2\\\/#primaryimage\"},\"thumbnailUrl\":\"https:\\\/\\\/www.altea-alquilerdebarcos.com\\\/wp-content\\\/uploads\\\/2026\\\/04\\\/catamaran-fountaine-pajot.jpg\",\"datePublished\":\"2026-04-27T17:46:57+00:00\",\"dateModified\":\"2026-04-27T18:30:15+00:00\",\"breadcrumb\":{\"@id\":\"https:\\\/\\\/www.altea-alquilerdebarcos.com\\\/fr\\\/bateaux\\\/astondoa-464-avec-capitaine-copia-2\\\/#breadcrumb\"},\"inLanguage\":\"fr-FR\",\"potentialAction\":[{\"@type\":\"ReadAction\",\"target\":[\"https:\\\/\\\/www.altea-alquilerdebarcos.com\\\/fr\\\/bateaux\\\/astondoa-464-avec-capitaine-copia-2\\\/\"]}]},{\"@type\":\"ImageObject\",\"inLanguage\":\"fr-FR\",\"@id\":\"https:\\\/\\\/www.altea-alquilerdebarcos.com\\\/fr\\\/bateaux\\\/astondoa-464-avec-capitaine-copia-2\\\/#primaryimage\",\"url\":\"https:\\\/\\\/www.altea-alquilerdebarcos.com\\\/wp-content\\\/uploads\\\/2026\\\/04\\\/catamaran-fountaine-pajot.jpg\",\"contentUrl\":\"https:\\\/\\\/www.altea-alquilerdebarcos.com\\\/wp-content\\\/uploads\\\/2026\\\/04\\\/catamaran-fountaine-pajot.jpg\",\"width\":2000,\"height\":2000},{\"@type\":\"BreadcrumbList\",\"@id\":\"https:\\\/\\\/www.altea-alquilerdebarcos.com\\\/fr\\\/bateaux\\\/astondoa-464-avec-capitaine-copia-2\\\/#breadcrumb\",\"itemListElement\":[{\"@type\":\"ListItem\",\"position\":1,\"name\":\"Produits\",\"item\":\"https:\\\/\\\/www.altea-alquilerdebarcos.com\\\/fr\\\/shop\\\/\"},{\"@type\":\"ListItem\",\"position\":2,\"name\":\"Catamaran avec capitaine\"}]},{\"@type\":\"WebSite\",\"@id\":\"http:\\\/\\\/www.altea-alquilerdebarcos.com\\\/fr\\\/#website\",\"url\":\"http:\\\/\\\/www.altea-alquilerdebarcos.com\\\/fr\\\/\",\"name\":\"Evasion Nautica\",\"description\":\"\",\"publisher\":{\"@id\":\"http:\\\/\\\/www.altea-alquilerdebarcos.com\\\/fr\\\/#organization\"},\"potentialAction\":[{\"@type\":\"SearchAction\",\"target\":{\"@type\":\"EntryPoint\",\"urlTemplate\":\"http:\\\/\\\/www.altea-alquilerdebarcos.com\\\/fr\\\/?s={search_term_string}\"},\"query-input\":{\"@type\":\"PropertyValueSpecification\",\"valueRequired\":true,\"valueName\":\"search_term_string\"}}],\"inLanguage\":\"fr-FR\"},{\"@type\":\"Organization\",\"@id\":\"http:\\\/\\\/www.altea-alquilerdebarcos.com\\\/fr\\\/#organization\",\"name\":\"Evasion Nautica\",\"url\":\"http:\\\/\\\/www.altea-alquilerdebarcos.com\\\/fr\\\/\",\"logo\":{\"@type\":\"ImageObject\",\"inLanguage\":\"fr-FR\",\"@id\":\"http:\\\/\\\/www.altea-alquilerdebarcos.com\\\/fr\\\/#\\\/schema\\\/logo\\\/image\\\/\",\"url\":\"https:\\\/\\\/www.altea-alquilerdebarcos.com\\\/wp-content\\\/uploads\\\/2023\\\/12\\\/favicone.jpg\",\"contentUrl\":\"https:\\\/\\\/www.altea-alquilerdebarcos.com\\\/wp-content\\\/uploads\\\/2023\\\/12\\\/favicone.jpg\",\"width\":512,\"height\":512,\"caption\":\"Evasion Nautica\"},\"image\":{\"@id\":\"http:\\\/\\\/www.altea-alquilerdebarcos.com\\\/fr\\\/#\\\/schema\\\/logo\\\/image\\\/\"},\"sameAs\":[\"https:\\\/\\\/www.facebook.com\\\/evasionnautica.es\",\"https:\\\/\\\/x.com\\\/evasion_nautica\",\"https:\\\/\\\/www.tripadvisor.fr\\\/Attraction_Review-g666316-d10486937-Reviews-Evasion_Nautica-Altea_Costa_Blanca_Province_of_Alicante_Valencian_Country.html\"]}]}<\/script>\n<!-- \/ Yoast SEO plugin. -->","yoast_head_json":{"title":"Catamaran avec capitaine - Evasion Nautica","robots":{"index":"index","follow":"follow","max-snippet":"max-snippet:-1","max-image-preview":"max-image-preview:large","max-video-preview":"max-video-preview:-1"},"canonical":"https:\/\/www.altea-alquilerdebarcos.com\/fr\/bateaux\/astondoa-464-avec-capitaine-copia-2\/","og_locale":"fr_FR","og_type":"article","og_title":"Catamaran avec capitaine - Evasion Nautica","og_url":"https:\/\/www.altea-alquilerdebarcos.com\/fr\/bateaux\/astondoa-464-avec-capitaine-copia-2\/","og_site_name":"Evasion Nautica","article_publisher":"https:\/\/www.facebook.com\/evasionnautica.es","article_modified_time":"2026-04-27T18:30:15+00:00","og_image":[{"width":2000,"height":2000,"url":"http:\/\/www.altea-alquilerdebarcos.com\/wp-content\/uploads\/2026\/04\/catamaran-fountaine-pajot.jpg","type":"image\/jpeg"}],"twitter_card":"summary_large_image","twitter_description":"[elementor-template id=\"481\"]","twitter_site":"@evasion_nautica","twitter_misc":{"Dur\u00e9e de lecture estim\u00e9e":"2 minutes"},"schema":{"@context":"https:\/\/schema.org","@graph":[{"@type":"WebPage","@id":"https:\/\/www.altea-alquilerdebarcos.com\/fr\/bateaux\/astondoa-464-avec-capitaine-copia-2\/","url":"https:\/\/www.altea-alquilerdebarcos.com\/fr\/bateaux\/astondoa-464-avec-capitaine-copia-2\/","name":"Catamaran avec capitaine - Evasion Nautica","isPartOf":{"@id":"http:\/\/www.altea-alquilerdebarcos.com\/fr\/#website"},"primaryImageOfPage":{"@id":"https:\/\/www.altea-alquilerdebarcos.com\/fr\/bateaux\/astondoa-464-avec-capitaine-copia-2\/#primaryimage"},"image":{"@id":"https:\/\/www.altea-alquilerdebarcos.com\/fr\/bateaux\/astondoa-464-avec-capitaine-copia-2\/#primaryimage"},"thumbnailUrl":"https:\/\/www.altea-alquilerdebarcos.com\/wp-content\/uploads\/2026\/04\/catamaran-fountaine-pajot.jpg","datePublished":"2026-04-27T17:46:57+00:00","dateModified":"2026-04-27T18:30:15+00:00","breadcrumb":{"@id":"https:\/\/www.altea-alquilerdebarcos.com\/fr\/bateaux\/astondoa-464-avec-capitaine-copia-2\/#breadcrumb"},"inLanguage":"fr-FR","potentialAction":[{"@type":"ReadAction","target":["https:\/\/www.altea-alquilerdebarcos.com\/fr\/bateaux\/astondoa-464-avec-capitaine-copia-2\/"]}]},{"@type":"ImageObject","inLanguage":"fr-FR","@id":"https:\/\/www.altea-alquilerdebarcos.com\/fr\/bateaux\/astondoa-464-avec-capitaine-copia-2\/#primaryimage","url":"https:\/\/www.altea-alquilerdebarcos.com\/wp-content\/uploads\/2026\/04\/catamaran-fountaine-pajot.jpg","contentUrl":"https:\/\/www.altea-alquilerdebarcos.com\/wp-content\/uploads\/2026\/04\/catamaran-fountaine-pajot.jpg","width":2000,"height":2000},{"@type":"BreadcrumbList","@id":"https:\/\/www.altea-alquilerdebarcos.com\/fr\/bateaux\/astondoa-464-avec-capitaine-copia-2\/#breadcrumb","itemListElement":[{"@type":"ListItem","position":1,"name":"Produits","item":"https:\/\/www.altea-alquilerdebarcos.com\/fr\/shop\/"},{"@type":"ListItem","position":2,"name":"Catamaran avec capitaine"}]},{"@type":"WebSite","@id":"http:\/\/www.altea-alquilerdebarcos.com\/fr\/#website","url":"http:\/\/www.altea-alquilerdebarcos.com\/fr\/","name":"Evasion Nautica","description":"","publisher":{"@id":"http:\/\/www.altea-alquilerdebarcos.com\/fr\/#organization"},"potentialAction":[{"@type":"SearchAction","target":{"@type":"EntryPoint","urlTemplate":"http:\/\/www.altea-alquilerdebarcos.com\/fr\/?s={search_term_string}"},"query-input":{"@type":"PropertyValueSpecification","valueRequired":true,"valueName":"search_term_string"}}],"inLanguage":"fr-FR"},{"@type":"Organization","@id":"http:\/\/www.altea-alquilerdebarcos.com\/fr\/#organization","name":"Evasion Nautica","url":"http:\/\/www.altea-alquilerdebarcos.com\/fr\/","logo":{"@type":"ImageObject","inLanguage":"fr-FR","@id":"http:\/\/www.altea-alquilerdebarcos.com\/fr\/#\/schema\/logo\/image\/","url":"https:\/\/www.altea-alquilerdebarcos.com\/wp-content\/uploads\/2023\/12\/favicone.jpg","contentUrl":"https:\/\/www.altea-alquilerdebarcos.com\/wp-content\/uploads\/2023\/12\/favicone.jpg","width":512,"height":512,"caption":"Evasion Nautica"},"image":{"@id":"http:\/\/www.altea-alquilerdebarcos.com\/fr\/#\/schema\/logo\/image\/"},"sameAs":["https:\/\/www.facebook.com\/evasionnautica.es","https:\/\/x.com\/evasion_nautica","https:\/\/www.tripadvisor.fr\/Attraction_Review-g666316-d10486937-Reviews-Evasion_Nautica-Altea_Costa_Blanca_Province_of_Alicante_Valencian_Country.html"]}]}},"_links":{"self":[{"href":"https:\/\/www.altea-alquilerdebarcos.com\/fr\/wp-json\/wp\/v2\/product\/7231","targetHints":{"allow":["GET"]}}],"collection":[{"href":"https:\/\/www.altea-alquilerdebarcos.com\/fr\/wp-json\/wp\/v2\/product"}],"about":[{"href":"https:\/\/www.altea-alquilerdebarcos.com\/fr\/wp-json\/wp\/v2\/types\/product"}],"wp:featuredmedia":[{"embeddable":true,"href":"https:\/\/www.altea-alquilerdebarcos.com\/fr\/wp-json\/wp\/v2\/media\/7241"}],"wp:attachment":[{"href":"https:\/\/www.altea-alquilerdebarcos.com\/fr\/wp-json\/wp\/v2\/media?parent=7231"}],"wp:term":[{"taxonomy":"product_brand","embeddable":true,"href":"https:\/\/www.altea-alquilerdebarcos.com\/fr\/wp-json\/wp\/v2\/product_brand?post=7231"},{"taxonomy":"product_cat","embeddable":true,"href":"https:\/\/www.altea-alquilerdebarcos.com\/fr\/wp-json\/wp\/v2\/product_cat?post=7231"},{"taxonomy":"product_tag","embeddable":true,"href":"https:\/\/www.altea-alquilerdebarcos.com\/fr\/wp-json\/wp\/v2\/product_tag?post=7231"}],"curies":[{"name":"wp","href":"https:\/\/api.w.org\/{rel}","templated":true}]}}