{"id":7055,"date":"2025-11-26T21:20:07","date_gmt":"2025-11-26T20:20:07","guid":{"rendered":"https:\/\/www.altea-alquilerdebarcos.com\/?post_type=product&#038;p=7055"},"modified":"2025-11-26T21:37:40","modified_gmt":"2025-11-26T20:37:40","slug":"blueline-21-copia","status":"publish","type":"product","link":"https:\/\/www.altea-alquilerdebarcos.com\/fr\/bateaux\/blueline-21-copia\/","title":{"rendered":"Bluline 21.2"},"content":{"rendered":"<h4>Caracter\u00edstiques ( bateau avec permis)<\/h4>\n<ul>\n<li><strong>Marque: <\/strong>Bluline<\/li>\n<li><strong>Moteur:\u00a0<\/strong>150CV PRO<\/li>\n<li><strong>Longueur :<\/strong>\u00a06 metres<\/li>\n<li><strong>Max personnes :\u00a0<\/strong>10 personnes<\/li>\n<li><strong>Equipements :\u00a0<\/strong>Taud de soleil, solarium, musique, echelle de bain, table, douche<\/li>\n<li><strong>El prix inclus :<\/strong>\u00a0amarre, assurance, nettoyage<\/li>\n<\/ul>\n<p>&nbsp;<\/p>\n<p style=\"text-align: center;\"><strong>BASSE SAISON<\/strong><strong>\u00a0(septembre a juin)<\/strong><\/p>\n<table border=\"1\" width=\"100%\" cellspacing=\"0\" cellpadding=\"4\">\n<tbody>\n<tr valign=\"TOP\">\n<td width=\"50%\" height=\"15\">\n<p align=\"CENTER\"><span style=\"font-family: Arial, sans-serif;\">2 HEURES<\/span><\/p>\n<\/td>\n<td width=\"50%\">\n<p align=\"CENTER\"><span style=\"font-family: Arial, sans-serif;\"><b>180,00 \u20ac<\/b><\/span><\/p>\n<\/td>\n<\/tr>\n<tr valign=\"TOP\">\n<td width=\"50%\" height=\"16\">\n<p align=\"CENTER\"><span style=\"font-family: Arial, sans-serif;\">DEMIE JOURNEE 4 HEURES<\/span><\/p>\n<\/td>\n<td width=\"50%\">\n<p align=\"CENTER\"><span style=\"font-family: Arial, sans-serif;\"><b>260,00 \u20ac<\/b><\/span><\/p>\n<\/td>\n<\/tr>\n<tr valign=\"TOP\">\n<td width=\"50%\">\n<p align=\"CENTER\"><span style=\"font-family: Arial, sans-serif;\">JOURNEE 8 HEURES<\/span><\/p>\n<\/td>\n<td width=\"50%\">\n<p align=\"CENTER\"><span style=\"font-family: Arial, sans-serif;\"><b>360,00 \u20ac<\/b><\/span><\/p>\n<\/td>\n<\/tr>\n<\/tbody>\n<\/table>\n<p>&nbsp;<\/p>\n<p style=\"text-align: center;\"><strong>HAUTE SAISON (juillet et Aout)<\/strong><\/p>\n<table border=\"1\" width=\"100%\" cellspacing=\"0\" cellpadding=\"4\">\n<tbody>\n<tr valign=\"TOP\">\n<td width=\"50%\" height=\"15\">\n<p align=\"CENTER\"><span style=\"font-family: Arial, sans-serif;\">2 HEURES<\/span><\/p>\n<\/td>\n<td width=\"50%\">\n<p align=\"CENTER\"><span style=\"font-family: Arial, sans-serif;\"><b>210,00 \u20ac<\/b><\/span><\/p>\n<\/td>\n<\/tr>\n<tr valign=\"TOP\">\n<td width=\"50%\" height=\"16\">\n<p align=\"CENTER\"><span style=\"font-family: Arial, sans-serif;\">DEMIE JOURNEE 4 HEURES<\/span><\/p>\n<\/td>\n<td width=\"50%\">\n<p align=\"CENTER\"><span style=\"font-family: Arial, sans-serif;\"><b>300,00 \u20ac<\/b><\/span><\/p>\n<\/td>\n<\/tr>\n<tr valign=\"TOP\">\n<td width=\"50%\">\n<p align=\"CENTER\"><span style=\"font-family: Arial, sans-serif;\">JOURNEE 8 HEURES<\/span><\/p>\n<\/td>\n<td width=\"50%\">\n<p align=\"CENTER\"><span style=\"font-family: Arial, sans-serif;\"><b>410,00 \u20ac<\/b><\/span><\/p>\n<\/td>\n<\/tr>\n<\/tbody>\n<\/table>\n<p>&nbsp;<\/p>\n<ul>\n<li><strong>CAUTION\u00a0 : 450\u20ac<\/strong><\/li>\n<\/ul>\n<p>Location de Bateau Altea. Le fantastique bateau \u00e0 moteur \u00ab\u00a0blueline\u00a0\u00bb, construit en 2021, vous fera r\u00eaver avec sa longueur de 6 m\u00e8tres et sa largeur de 2,50 m\u00e8tres. Moteur Yamaha 150CV. Pouvant accueillir jusqu&rsquo;\u00e0 10 passagers \u00e0 bord, dormir n&rsquo;est pas possible sur ce bateau.<br \/>\nHomologu\u00e9 pour accueillir jusqu&rsquo;\u00e0 10 passagers, il offre de merveilleuses sensations de pilotage et une grande s\u00e9curit\u00e9 de navigation. Il est enti\u00e8rement \u00e9quip\u00e9, venez profiter de ce magnifique bateau en famille, en couple ou entre amis. Il y a plus que toi !<\/p>\n<p><strong>Basee au <a href=\"https:\/\/www.cnaltea.com\/index\/\">club n\u00e1utico altea<\/a><\/strong><br \/>\nVenez naviguer en toute s\u00e9curit\u00e9 avec tout le mat\u00e9riel dont vous avez besoin avec <a href=\"https:\/\/www.altea-alquilerdebarcos.com\/quien-somos-evasion-nautica\/\">Evasion Nautica<\/a><\/p>\n","protected":false},"excerpt":{"rendered":"[elementor-template id=\"481\"]\n","protected":false},"featured_media":2811,"template":"","meta":{"_acf_changed":false},"product_brand":[],"product_cat":[50],"product_tag":[],"class_list":{"0":"post-7055","1":"product","2":"type-product","3":"status-publish","4":"has-post-thumbnail","6":"product_cat-locations","8":"first","9":"instock","10":"virtual","11":"purchasable","12":"product-type-simple"},"acf":[],"yoast_head":"<!-- This site is optimized with the Yoast SEO plugin v27.4 - https:\/\/yoast.com\/product\/yoast-seo-wordpress\/ -->\n<title>Bluline 21.2 - Evasion Nautica<\/title>\n<meta name=\"robots\" content=\"index, follow, max-snippet:-1, max-image-preview:large, max-video-preview:-1\" \/>\n<link rel=\"canonical\" href=\"https:\/\/www.altea-alquilerdebarcos.com\/fr\/bateaux\/blueline-21-copia\/\" \/>\n<meta property=\"og:locale\" content=\"fr_FR\" \/>\n<meta property=\"og:type\" content=\"article\" \/>\n<meta property=\"og:title\" content=\"Bluline 21.2 - Evasion Nautica\" \/>\n<meta property=\"og:url\" content=\"https:\/\/www.altea-alquilerdebarcos.com\/fr\/bateaux\/blueline-21-copia\/\" \/>\n<meta property=\"og:site_name\" content=\"Evasion Nautica\" \/>\n<meta property=\"article:publisher\" content=\"https:\/\/www.facebook.com\/evasionnautica.es\" \/>\n<meta property=\"article:modified_time\" content=\"2025-11-26T20:37:40+00:00\" \/>\n<meta property=\"og:image\" content=\"https:\/\/www.altea-alquilerdebarcos.com\/wp-content\/uploads\/2021\/04\/C70069B5-13A9-47EB-A26A-D317F6C39376.jpeg\" \/>\n\t<meta property=\"og:image:width\" content=\"680\" \/>\n\t<meta property=\"og:image:height\" content=\"359\" \/>\n\t<meta property=\"og:image:type\" content=\"image\/jpeg\" \/>\n<meta name=\"twitter:card\" content=\"summary_large_image\" \/>\n<meta name=\"twitter:description\" content=\"[elementor-template id=&quot;481&quot;]\" \/>\n<meta name=\"twitter:site\" content=\"@evasion_nautica\" \/>\n<meta name=\"twitter:label1\" content=\"Dur\u00e9e de lecture estim\u00e9e\" \/>\n\t<meta name=\"twitter:data1\" content=\"2 minutes\" \/>\n<script type=\"application\/ld+json\" class=\"yoast-schema-graph\">{\"@context\":\"https:\\\/\\\/schema.org\",\"@graph\":[{\"@type\":\"WebPage\",\"@id\":\"https:\\\/\\\/www.altea-alquilerdebarcos.com\\\/fr\\\/bateaux\\\/blueline-21-copia\\\/\",\"url\":\"https:\\\/\\\/www.altea-alquilerdebarcos.com\\\/fr\\\/bateaux\\\/blueline-21-copia\\\/\",\"name\":\"Bluline 21.2 - Evasion Nautica\",\"isPartOf\":{\"@id\":\"https:\\\/\\\/www.altea-alquilerdebarcos.com\\\/fr\\\/#website\"},\"primaryImageOfPage\":{\"@id\":\"https:\\\/\\\/www.altea-alquilerdebarcos.com\\\/fr\\\/bateaux\\\/blueline-21-copia\\\/#primaryimage\"},\"image\":{\"@id\":\"https:\\\/\\\/www.altea-alquilerdebarcos.com\\\/fr\\\/bateaux\\\/blueline-21-copia\\\/#primaryimage\"},\"thumbnailUrl\":\"https:\\\/\\\/www.altea-alquilerdebarcos.com\\\/wp-content\\\/uploads\\\/2021\\\/04\\\/C70069B5-13A9-47EB-A26A-D317F6C39376.jpeg\",\"datePublished\":\"2025-11-26T20:20:07+00:00\",\"dateModified\":\"2025-11-26T20:37:40+00:00\",\"breadcrumb\":{\"@id\":\"https:\\\/\\\/www.altea-alquilerdebarcos.com\\\/fr\\\/bateaux\\\/blueline-21-copia\\\/#breadcrumb\"},\"inLanguage\":\"fr-FR\",\"potentialAction\":[{\"@type\":\"ReadAction\",\"target\":[\"https:\\\/\\\/www.altea-alquilerdebarcos.com\\\/fr\\\/bateaux\\\/blueline-21-copia\\\/\"]}]},{\"@type\":\"ImageObject\",\"inLanguage\":\"fr-FR\",\"@id\":\"https:\\\/\\\/www.altea-alquilerdebarcos.com\\\/fr\\\/bateaux\\\/blueline-21-copia\\\/#primaryimage\",\"url\":\"https:\\\/\\\/www.altea-alquilerdebarcos.com\\\/wp-content\\\/uploads\\\/2021\\\/04\\\/C70069B5-13A9-47EB-A26A-D317F6C39376.jpeg\",\"contentUrl\":\"https:\\\/\\\/www.altea-alquilerdebarcos.com\\\/wp-content\\\/uploads\\\/2021\\\/04\\\/C70069B5-13A9-47EB-A26A-D317F6C39376.jpeg\",\"width\":680,\"height\":359,\"caption\":\"alquiler barcos con titulo. boat rental altea, location bateaux altea, alquiler emvarcacion altea\"},{\"@type\":\"BreadcrumbList\",\"@id\":\"https:\\\/\\\/www.altea-alquilerdebarcos.com\\\/fr\\\/bateaux\\\/blueline-21-copia\\\/#breadcrumb\",\"itemListElement\":[{\"@type\":\"ListItem\",\"position\":1,\"name\":\"Produits\",\"item\":\"https:\\\/\\\/www.altea-alquilerdebarcos.com\\\/fr\\\/shop\\\/\"},{\"@type\":\"ListItem\",\"position\":2,\"name\":\"Bluline 21.2\"}]},{\"@type\":\"WebSite\",\"@id\":\"https:\\\/\\\/www.altea-alquilerdebarcos.com\\\/fr\\\/#website\",\"url\":\"https:\\\/\\\/www.altea-alquilerdebarcos.com\\\/fr\\\/\",\"name\":\"Evasion Nautica\",\"description\":\"\",\"publisher\":{\"@id\":\"https:\\\/\\\/www.altea-alquilerdebarcos.com\\\/fr\\\/#organization\"},\"potentialAction\":[{\"@type\":\"SearchAction\",\"target\":{\"@type\":\"EntryPoint\",\"urlTemplate\":\"https:\\\/\\\/www.altea-alquilerdebarcos.com\\\/fr\\\/?s={search_term_string}\"},\"query-input\":{\"@type\":\"PropertyValueSpecification\",\"valueRequired\":true,\"valueName\":\"search_term_string\"}}],\"inLanguage\":\"fr-FR\"},{\"@type\":\"Organization\",\"@id\":\"https:\\\/\\\/www.altea-alquilerdebarcos.com\\\/fr\\\/#organization\",\"name\":\"Evasion Nautica\",\"url\":\"https:\\\/\\\/www.altea-alquilerdebarcos.com\\\/fr\\\/\",\"logo\":{\"@type\":\"ImageObject\",\"inLanguage\":\"fr-FR\",\"@id\":\"https:\\\/\\\/www.altea-alquilerdebarcos.com\\\/fr\\\/#\\\/schema\\\/logo\\\/image\\\/\",\"url\":\"https:\\\/\\\/www.altea-alquilerdebarcos.com\\\/wp-content\\\/uploads\\\/2023\\\/12\\\/favicone.jpg\",\"contentUrl\":\"https:\\\/\\\/www.altea-alquilerdebarcos.com\\\/wp-content\\\/uploads\\\/2023\\\/12\\\/favicone.jpg\",\"width\":512,\"height\":512,\"caption\":\"Evasion Nautica\"},\"image\":{\"@id\":\"https:\\\/\\\/www.altea-alquilerdebarcos.com\\\/fr\\\/#\\\/schema\\\/logo\\\/image\\\/\"},\"sameAs\":[\"https:\\\/\\\/www.facebook.com\\\/evasionnautica.es\",\"https:\\\/\\\/x.com\\\/evasion_nautica\",\"https:\\\/\\\/www.tripadvisor.fr\\\/Attraction_Review-g666316-d10486937-Reviews-Evasion_Nautica-Altea_Costa_Blanca_Province_of_Alicante_Valencian_Country.html\"]}]}<\/script>\n<!-- \/ Yoast SEO plugin. -->","yoast_head_json":{"title":"Bluline 21.2 - Evasion Nautica","robots":{"index":"index","follow":"follow","max-snippet":"max-snippet:-1","max-image-preview":"max-image-preview:large","max-video-preview":"max-video-preview:-1"},"canonical":"https:\/\/www.altea-alquilerdebarcos.com\/fr\/bateaux\/blueline-21-copia\/","og_locale":"fr_FR","og_type":"article","og_title":"Bluline 21.2 - Evasion Nautica","og_url":"https:\/\/www.altea-alquilerdebarcos.com\/fr\/bateaux\/blueline-21-copia\/","og_site_name":"Evasion Nautica","article_publisher":"https:\/\/www.facebook.com\/evasionnautica.es","article_modified_time":"2025-11-26T20:37:40+00:00","og_image":[{"width":680,"height":359,"url":"https:\/\/www.altea-alquilerdebarcos.com\/wp-content\/uploads\/2021\/04\/C70069B5-13A9-47EB-A26A-D317F6C39376.jpeg","type":"image\/jpeg"}],"twitter_card":"summary_large_image","twitter_description":"[elementor-template id=\"481\"]","twitter_site":"@evasion_nautica","twitter_misc":{"Dur\u00e9e de lecture estim\u00e9e":"2 minutes"},"schema":{"@context":"https:\/\/schema.org","@graph":[{"@type":"WebPage","@id":"https:\/\/www.altea-alquilerdebarcos.com\/fr\/bateaux\/blueline-21-copia\/","url":"https:\/\/www.altea-alquilerdebarcos.com\/fr\/bateaux\/blueline-21-copia\/","name":"Bluline 21.2 - Evasion Nautica","isPartOf":{"@id":"https:\/\/www.altea-alquilerdebarcos.com\/fr\/#website"},"primaryImageOfPage":{"@id":"https:\/\/www.altea-alquilerdebarcos.com\/fr\/bateaux\/blueline-21-copia\/#primaryimage"},"image":{"@id":"https:\/\/www.altea-alquilerdebarcos.com\/fr\/bateaux\/blueline-21-copia\/#primaryimage"},"thumbnailUrl":"https:\/\/www.altea-alquilerdebarcos.com\/wp-content\/uploads\/2021\/04\/C70069B5-13A9-47EB-A26A-D317F6C39376.jpeg","datePublished":"2025-11-26T20:20:07+00:00","dateModified":"2025-11-26T20:37:40+00:00","breadcrumb":{"@id":"https:\/\/www.altea-alquilerdebarcos.com\/fr\/bateaux\/blueline-21-copia\/#breadcrumb"},"inLanguage":"fr-FR","potentialAction":[{"@type":"ReadAction","target":["https:\/\/www.altea-alquilerdebarcos.com\/fr\/bateaux\/blueline-21-copia\/"]}]},{"@type":"ImageObject","inLanguage":"fr-FR","@id":"https:\/\/www.altea-alquilerdebarcos.com\/fr\/bateaux\/blueline-21-copia\/#primaryimage","url":"https:\/\/www.altea-alquilerdebarcos.com\/wp-content\/uploads\/2021\/04\/C70069B5-13A9-47EB-A26A-D317F6C39376.jpeg","contentUrl":"https:\/\/www.altea-alquilerdebarcos.com\/wp-content\/uploads\/2021\/04\/C70069B5-13A9-47EB-A26A-D317F6C39376.jpeg","width":680,"height":359,"caption":"alquiler barcos con titulo. boat rental altea, location bateaux altea, alquiler emvarcacion altea"},{"@type":"BreadcrumbList","@id":"https:\/\/www.altea-alquilerdebarcos.com\/fr\/bateaux\/blueline-21-copia\/#breadcrumb","itemListElement":[{"@type":"ListItem","position":1,"name":"Produits","item":"https:\/\/www.altea-alquilerdebarcos.com\/fr\/shop\/"},{"@type":"ListItem","position":2,"name":"Bluline 21.2"}]},{"@type":"WebSite","@id":"https:\/\/www.altea-alquilerdebarcos.com\/fr\/#website","url":"https:\/\/www.altea-alquilerdebarcos.com\/fr\/","name":"Evasion Nautica","description":"","publisher":{"@id":"https:\/\/www.altea-alquilerdebarcos.com\/fr\/#organization"},"potentialAction":[{"@type":"SearchAction","target":{"@type":"EntryPoint","urlTemplate":"https:\/\/www.altea-alquilerdebarcos.com\/fr\/?s={search_term_string}"},"query-input":{"@type":"PropertyValueSpecification","valueRequired":true,"valueName":"search_term_string"}}],"inLanguage":"fr-FR"},{"@type":"Organization","@id":"https:\/\/www.altea-alquilerdebarcos.com\/fr\/#organization","name":"Evasion Nautica","url":"https:\/\/www.altea-alquilerdebarcos.com\/fr\/","logo":{"@type":"ImageObject","inLanguage":"fr-FR","@id":"https:\/\/www.altea-alquilerdebarcos.com\/fr\/#\/schema\/logo\/image\/","url":"https:\/\/www.altea-alquilerdebarcos.com\/wp-content\/uploads\/2023\/12\/favicone.jpg","contentUrl":"https:\/\/www.altea-alquilerdebarcos.com\/wp-content\/uploads\/2023\/12\/favicone.jpg","width":512,"height":512,"caption":"Evasion Nautica"},"image":{"@id":"https:\/\/www.altea-alquilerdebarcos.com\/fr\/#\/schema\/logo\/image\/"},"sameAs":["https:\/\/www.facebook.com\/evasionnautica.es","https:\/\/x.com\/evasion_nautica","https:\/\/www.tripadvisor.fr\/Attraction_Review-g666316-d10486937-Reviews-Evasion_Nautica-Altea_Costa_Blanca_Province_of_Alicante_Valencian_Country.html"]}]}},"_links":{"self":[{"href":"https:\/\/www.altea-alquilerdebarcos.com\/fr\/wp-json\/wp\/v2\/product\/7055","targetHints":{"allow":["GET"]}}],"collection":[{"href":"https:\/\/www.altea-alquilerdebarcos.com\/fr\/wp-json\/wp\/v2\/product"}],"about":[{"href":"https:\/\/www.altea-alquilerdebarcos.com\/fr\/wp-json\/wp\/v2\/types\/product"}],"wp:featuredmedia":[{"embeddable":true,"href":"https:\/\/www.altea-alquilerdebarcos.com\/fr\/wp-json\/wp\/v2\/media\/2811"}],"wp:attachment":[{"href":"https:\/\/www.altea-alquilerdebarcos.com\/fr\/wp-json\/wp\/v2\/media?parent=7055"}],"wp:term":[{"taxonomy":"product_brand","embeddable":true,"href":"https:\/\/www.altea-alquilerdebarcos.com\/fr\/wp-json\/wp\/v2\/product_brand?post=7055"},{"taxonomy":"product_cat","embeddable":true,"href":"https:\/\/www.altea-alquilerdebarcos.com\/fr\/wp-json\/wp\/v2\/product_cat?post=7055"},{"taxonomy":"product_tag","embeddable":true,"href":"https:\/\/www.altea-alquilerdebarcos.com\/fr\/wp-json\/wp\/v2\/product_tag?post=7055"}],"curies":[{"name":"wp","href":"https:\/\/api.w.org\/{rel}","templated":true}]}}