{"id":7035,"date":"2025-11-26T20:45:16","date_gmt":"2025-11-26T19:45:16","guid":{"rendered":"https:\/\/www.altea-alquilerdebarcos.com\/?post_type=product&#038;p=7035"},"modified":"2025-11-26T20:54:22","modified_gmt":"2025-11-26T19:54:22","slug":"bavaria-34-copia","status":"publish","type":"product","link":"https:\/\/www.altea-alquilerdebarcos.com\/fr\/bateaux\/bavaria-34-copia\/","title":{"rendered":"Bavaria 38"},"content":{"rendered":"<p><strong>Caracteristiques<\/strong><\/p>\n<ul>\n<li><strong>Modele<\/strong> : BAVARIA 38<\/li>\n<li><strong>Capacite a bord<\/strong>. 8<\/li>\n<li><strong>Places nuit<\/strong> : 7<\/li>\n<li><strong>Cabines Doubles<\/strong>: 3<\/li>\n<li><strong>Longueur<\/strong> : 12m Largeur : 3,70 Tirant d eau : 1,98<\/li>\n<li><strong>Moteu<\/strong>r: Volvo 55 C.V<\/li>\n<li><strong>Annee<\/strong> : 2012<\/li>\n<li><strong>Caution<\/strong> 1500\u20ac<\/li>\n<li><strong>Horaires: <\/strong>1 jour de 10.00 a 18.00.<\/li>\n<li><strong>Nettoyage : <\/strong>40\u20ac 1 jour \u2013 60\u20ac plus q un jour ( inclus literie )<\/li>\n<li><strong>Forme de paiment :<\/strong> Reserve 50%. Reste le jour de la location<\/li>\n<li><strong>Frais d annulation : <\/strong>40% total de la location avant les 30 jours de la location 50% durant les 30 d\u00edas avant la location<\/li>\n<\/ul>\n<p>&nbsp;<\/p>\n<table style=\"height: 211px;\" width=\"495\">\n<tbody>\n<tr>\n<td>Basse Saison<\/p>\n<p>01\/11 hasta 30\/03<\/td>\n<td><b>Moyenne Saison<\/b><br \/>\n1\/09 hasta 30\/10 y<br \/>\n01\/04 hasta 30\/06<\/td>\n<td><b>Haute Saison<\/b><br \/>\n01\/07 hasta 31\/08<\/td>\n<\/tr>\n<tr>\n<td>370 \u20ac journee<\/p>\n<p>3150\u20ac semaine<\/td>\n<td>420\u20ac journee<\/p>\n<p>3620\u20ac semaine<\/td>\n<td>545\u20ac journee<\/p>\n<p>3620\u20ac semaine<\/td>\n<\/tr>\n<\/tbody>\n<\/table>\n<p>Location voilier Bavaria 34 a Altea avec Evasion Nautica<\/p>\n<ul>\n<li><strong>Le prix comprend<\/strong> : la TVA, l&rsquo;assurance (responsabilit\u00e9 civile, accident et passagers), 2 jours d&rsquo;amarrage \u00e0 la marina d&rsquo;Altea, le bateau avec son \u00e9quipement standard, une annexe et un moteur hors-bord. Le bateau est livr\u00e9 avec le plein de carburant et doit \u00eatre restitu\u00e9 dans le m\u00eame \u00e9tat.<\/li>\n<li><strong>Suppl\u00e9ments<\/strong>\u00a0: Skipper\/Moniteur : 1 heure : 35 \u20ac, 4 heures : 110 \u20ac, 8 heures : 150 \u20ac, Journ\u00e9e : 200 \u20ac, Semaine : 1\u00a0400 \u20ac (TVA incluse).<\/li>\n<li><strong>Nettoyage<\/strong>\u00a0: 120 \u20ac (linge de maison et TVA inclus). Excursion \u00e0 la journ\u00e9e : 60 \u20ac.<\/li>\n<li><strong>Horaires<\/strong>\u00a0: Excursion \u00e0 la journ\u00e9e : de 10h00 \u00e0 18h00. Croisi\u00e8res de plusieurs jours : embarquement possible la veille \u00e0 partir de 20h00, d\u00e8s que le bateau est pr\u00eat, sans suppl\u00e9ment. Le d\u00e9barquement a lieu le dernier jour avant 17h00.<\/li>\n<li><strong>\u00c9quipements : <\/strong>Gaufres et g\u00e9nois, guindeau \u00e9lectrique, pilote automatique, double barre, plateforme de bain, radio VHF, traceur GPS, lecteur radio\/CD\/MP3\/USB, sondeur, loch, instruments de vent, chargeur de batterie, moteur hors-bord auxiliaire, r\u00e9frig\u00e9rateur \u00e9lectrique, eau chaude, douche de cockpit, bimini et taud de soleil.<\/li>\n<\/ul>\n<p>&nbsp;<\/p>\n<p>&nbsp;<\/p>\n","protected":false},"excerpt":{"rendered":"[elementor-template id=\"481\"]\n","protected":false},"featured_media":7038,"template":"","meta":{"_acf_changed":false},"product_brand":[],"product_cat":[50],"product_tag":[],"class_list":{"0":"post-7035","1":"product","2":"type-product","3":"status-publish","4":"has-post-thumbnail","6":"product_cat-locations","8":"first","9":"instock","10":"virtual","11":"purchasable","12":"product-type-simple"},"acf":[],"yoast_head":"<!-- This site is optimized with the Yoast SEO plugin v27.4 - https:\/\/yoast.com\/product\/yoast-seo-wordpress\/ -->\n<title>Bavaria 38 - Evasion Nautica<\/title>\n<meta name=\"robots\" content=\"index, follow, max-snippet:-1, max-image-preview:large, max-video-preview:-1\" \/>\n<link rel=\"canonical\" href=\"https:\/\/www.altea-alquilerdebarcos.com\/fr\/bateaux\/bavaria-34-copia\/\" \/>\n<meta property=\"og:locale\" content=\"fr_FR\" \/>\n<meta property=\"og:type\" content=\"article\" \/>\n<meta property=\"og:title\" content=\"Bavaria 38 - Evasion Nautica\" \/>\n<meta property=\"og:url\" content=\"https:\/\/www.altea-alquilerdebarcos.com\/fr\/bateaux\/bavaria-34-copia\/\" \/>\n<meta property=\"og:site_name\" content=\"Evasion Nautica\" \/>\n<meta property=\"article:publisher\" content=\"https:\/\/www.facebook.com\/evasionnautica.es\" \/>\n<meta property=\"article:modified_time\" content=\"2025-11-26T19:54:22+00:00\" \/>\n<meta property=\"og:image\" content=\"https:\/\/www.altea-alquilerdebarcos.com\/wp-content\/uploads\/2025\/11\/Imagen-de-WhatsApp-2025-01-27-a-las-11.19.04_8ce5737d.webp\" \/>\n\t<meta property=\"og:image:width\" content=\"1600\" \/>\n\t<meta property=\"og:image:height\" content=\"1204\" \/>\n\t<meta property=\"og:image:type\" content=\"image\/webp\" \/>\n<meta name=\"twitter:card\" content=\"summary_large_image\" \/>\n<meta name=\"twitter:description\" content=\"[elementor-template id=&quot;481&quot;]\" \/>\n<meta name=\"twitter:site\" content=\"@evasion_nautica\" \/>\n<meta name=\"twitter:label1\" content=\"Dur\u00e9e de lecture estim\u00e9e\" \/>\n\t<meta name=\"twitter:data1\" content=\"2 minutes\" \/>\n<script type=\"application\/ld+json\" class=\"yoast-schema-graph\">{\"@context\":\"https:\\\/\\\/schema.org\",\"@graph\":[{\"@type\":\"WebPage\",\"@id\":\"https:\\\/\\\/www.altea-alquilerdebarcos.com\\\/fr\\\/bateaux\\\/bavaria-34-copia\\\/\",\"url\":\"https:\\\/\\\/www.altea-alquilerdebarcos.com\\\/fr\\\/bateaux\\\/bavaria-34-copia\\\/\",\"name\":\"Bavaria 38 - Evasion Nautica\",\"isPartOf\":{\"@id\":\"https:\\\/\\\/www.altea-alquilerdebarcos.com\\\/fr\\\/#website\"},\"primaryImageOfPage\":{\"@id\":\"https:\\\/\\\/www.altea-alquilerdebarcos.com\\\/fr\\\/bateaux\\\/bavaria-34-copia\\\/#primaryimage\"},\"image\":{\"@id\":\"https:\\\/\\\/www.altea-alquilerdebarcos.com\\\/fr\\\/bateaux\\\/bavaria-34-copia\\\/#primaryimage\"},\"thumbnailUrl\":\"https:\\\/\\\/www.altea-alquilerdebarcos.com\\\/wp-content\\\/uploads\\\/2025\\\/11\\\/Imagen-de-WhatsApp-2025-01-27-a-las-11.19.04_8ce5737d.webp\",\"datePublished\":\"2025-11-26T19:45:16+00:00\",\"dateModified\":\"2025-11-26T19:54:22+00:00\",\"breadcrumb\":{\"@id\":\"https:\\\/\\\/www.altea-alquilerdebarcos.com\\\/fr\\\/bateaux\\\/bavaria-34-copia\\\/#breadcrumb\"},\"inLanguage\":\"fr-FR\",\"potentialAction\":[{\"@type\":\"ReadAction\",\"target\":[\"https:\\\/\\\/www.altea-alquilerdebarcos.com\\\/fr\\\/bateaux\\\/bavaria-34-copia\\\/\"]}]},{\"@type\":\"ImageObject\",\"inLanguage\":\"fr-FR\",\"@id\":\"https:\\\/\\\/www.altea-alquilerdebarcos.com\\\/fr\\\/bateaux\\\/bavaria-34-copia\\\/#primaryimage\",\"url\":\"https:\\\/\\\/www.altea-alquilerdebarcos.com\\\/wp-content\\\/uploads\\\/2025\\\/11\\\/Imagen-de-WhatsApp-2025-01-27-a-las-11.19.04_8ce5737d.webp\",\"contentUrl\":\"https:\\\/\\\/www.altea-alquilerdebarcos.com\\\/wp-content\\\/uploads\\\/2025\\\/11\\\/Imagen-de-WhatsApp-2025-01-27-a-las-11.19.04_8ce5737d.webp\",\"width\":1600,\"height\":1204,\"caption\":\"Bavaria 38 alquiler velero altea, alquiler velero benidorm, alquiler velero calpe, sailboat bavaria 38\"},{\"@type\":\"BreadcrumbList\",\"@id\":\"https:\\\/\\\/www.altea-alquilerdebarcos.com\\\/fr\\\/bateaux\\\/bavaria-34-copia\\\/#breadcrumb\",\"itemListElement\":[{\"@type\":\"ListItem\",\"position\":1,\"name\":\"Produits\",\"item\":\"https:\\\/\\\/www.altea-alquilerdebarcos.com\\\/fr\\\/shop\\\/\"},{\"@type\":\"ListItem\",\"position\":2,\"name\":\"Bavaria 38\"}]},{\"@type\":\"WebSite\",\"@id\":\"https:\\\/\\\/www.altea-alquilerdebarcos.com\\\/fr\\\/#website\",\"url\":\"https:\\\/\\\/www.altea-alquilerdebarcos.com\\\/fr\\\/\",\"name\":\"Evasion Nautica\",\"description\":\"\",\"publisher\":{\"@id\":\"https:\\\/\\\/www.altea-alquilerdebarcos.com\\\/fr\\\/#organization\"},\"potentialAction\":[{\"@type\":\"SearchAction\",\"target\":{\"@type\":\"EntryPoint\",\"urlTemplate\":\"https:\\\/\\\/www.altea-alquilerdebarcos.com\\\/fr\\\/?s={search_term_string}\"},\"query-input\":{\"@type\":\"PropertyValueSpecification\",\"valueRequired\":true,\"valueName\":\"search_term_string\"}}],\"inLanguage\":\"fr-FR\"},{\"@type\":\"Organization\",\"@id\":\"https:\\\/\\\/www.altea-alquilerdebarcos.com\\\/fr\\\/#organization\",\"name\":\"Evasion Nautica\",\"url\":\"https:\\\/\\\/www.altea-alquilerdebarcos.com\\\/fr\\\/\",\"logo\":{\"@type\":\"ImageObject\",\"inLanguage\":\"fr-FR\",\"@id\":\"https:\\\/\\\/www.altea-alquilerdebarcos.com\\\/fr\\\/#\\\/schema\\\/logo\\\/image\\\/\",\"url\":\"https:\\\/\\\/www.altea-alquilerdebarcos.com\\\/wp-content\\\/uploads\\\/2023\\\/12\\\/favicone.jpg\",\"contentUrl\":\"https:\\\/\\\/www.altea-alquilerdebarcos.com\\\/wp-content\\\/uploads\\\/2023\\\/12\\\/favicone.jpg\",\"width\":512,\"height\":512,\"caption\":\"Evasion Nautica\"},\"image\":{\"@id\":\"https:\\\/\\\/www.altea-alquilerdebarcos.com\\\/fr\\\/#\\\/schema\\\/logo\\\/image\\\/\"},\"sameAs\":[\"https:\\\/\\\/www.facebook.com\\\/evasionnautica.es\",\"https:\\\/\\\/x.com\\\/evasion_nautica\",\"https:\\\/\\\/www.tripadvisor.fr\\\/Attraction_Review-g666316-d10486937-Reviews-Evasion_Nautica-Altea_Costa_Blanca_Province_of_Alicante_Valencian_Country.html\"]}]}<\/script>\n<!-- \/ Yoast SEO plugin. -->","yoast_head_json":{"title":"Bavaria 38 - Evasion Nautica","robots":{"index":"index","follow":"follow","max-snippet":"max-snippet:-1","max-image-preview":"max-image-preview:large","max-video-preview":"max-video-preview:-1"},"canonical":"https:\/\/www.altea-alquilerdebarcos.com\/fr\/bateaux\/bavaria-34-copia\/","og_locale":"fr_FR","og_type":"article","og_title":"Bavaria 38 - Evasion Nautica","og_url":"https:\/\/www.altea-alquilerdebarcos.com\/fr\/bateaux\/bavaria-34-copia\/","og_site_name":"Evasion Nautica","article_publisher":"https:\/\/www.facebook.com\/evasionnautica.es","article_modified_time":"2025-11-26T19:54:22+00:00","og_image":[{"width":1600,"height":1204,"url":"https:\/\/www.altea-alquilerdebarcos.com\/wp-content\/uploads\/2025\/11\/Imagen-de-WhatsApp-2025-01-27-a-las-11.19.04_8ce5737d.webp","type":"image\/webp"}],"twitter_card":"summary_large_image","twitter_description":"[elementor-template id=\"481\"]","twitter_site":"@evasion_nautica","twitter_misc":{"Dur\u00e9e de lecture estim\u00e9e":"2 minutes"},"schema":{"@context":"https:\/\/schema.org","@graph":[{"@type":"WebPage","@id":"https:\/\/www.altea-alquilerdebarcos.com\/fr\/bateaux\/bavaria-34-copia\/","url":"https:\/\/www.altea-alquilerdebarcos.com\/fr\/bateaux\/bavaria-34-copia\/","name":"Bavaria 38 - Evasion Nautica","isPartOf":{"@id":"https:\/\/www.altea-alquilerdebarcos.com\/fr\/#website"},"primaryImageOfPage":{"@id":"https:\/\/www.altea-alquilerdebarcos.com\/fr\/bateaux\/bavaria-34-copia\/#primaryimage"},"image":{"@id":"https:\/\/www.altea-alquilerdebarcos.com\/fr\/bateaux\/bavaria-34-copia\/#primaryimage"},"thumbnailUrl":"https:\/\/www.altea-alquilerdebarcos.com\/wp-content\/uploads\/2025\/11\/Imagen-de-WhatsApp-2025-01-27-a-las-11.19.04_8ce5737d.webp","datePublished":"2025-11-26T19:45:16+00:00","dateModified":"2025-11-26T19:54:22+00:00","breadcrumb":{"@id":"https:\/\/www.altea-alquilerdebarcos.com\/fr\/bateaux\/bavaria-34-copia\/#breadcrumb"},"inLanguage":"fr-FR","potentialAction":[{"@type":"ReadAction","target":["https:\/\/www.altea-alquilerdebarcos.com\/fr\/bateaux\/bavaria-34-copia\/"]}]},{"@type":"ImageObject","inLanguage":"fr-FR","@id":"https:\/\/www.altea-alquilerdebarcos.com\/fr\/bateaux\/bavaria-34-copia\/#primaryimage","url":"https:\/\/www.altea-alquilerdebarcos.com\/wp-content\/uploads\/2025\/11\/Imagen-de-WhatsApp-2025-01-27-a-las-11.19.04_8ce5737d.webp","contentUrl":"https:\/\/www.altea-alquilerdebarcos.com\/wp-content\/uploads\/2025\/11\/Imagen-de-WhatsApp-2025-01-27-a-las-11.19.04_8ce5737d.webp","width":1600,"height":1204,"caption":"Bavaria 38 alquiler velero altea, alquiler velero benidorm, alquiler velero calpe, sailboat bavaria 38"},{"@type":"BreadcrumbList","@id":"https:\/\/www.altea-alquilerdebarcos.com\/fr\/bateaux\/bavaria-34-copia\/#breadcrumb","itemListElement":[{"@type":"ListItem","position":1,"name":"Produits","item":"https:\/\/www.altea-alquilerdebarcos.com\/fr\/shop\/"},{"@type":"ListItem","position":2,"name":"Bavaria 38"}]},{"@type":"WebSite","@id":"https:\/\/www.altea-alquilerdebarcos.com\/fr\/#website","url":"https:\/\/www.altea-alquilerdebarcos.com\/fr\/","name":"Evasion Nautica","description":"","publisher":{"@id":"https:\/\/www.altea-alquilerdebarcos.com\/fr\/#organization"},"potentialAction":[{"@type":"SearchAction","target":{"@type":"EntryPoint","urlTemplate":"https:\/\/www.altea-alquilerdebarcos.com\/fr\/?s={search_term_string}"},"query-input":{"@type":"PropertyValueSpecification","valueRequired":true,"valueName":"search_term_string"}}],"inLanguage":"fr-FR"},{"@type":"Organization","@id":"https:\/\/www.altea-alquilerdebarcos.com\/fr\/#organization","name":"Evasion Nautica","url":"https:\/\/www.altea-alquilerdebarcos.com\/fr\/","logo":{"@type":"ImageObject","inLanguage":"fr-FR","@id":"https:\/\/www.altea-alquilerdebarcos.com\/fr\/#\/schema\/logo\/image\/","url":"https:\/\/www.altea-alquilerdebarcos.com\/wp-content\/uploads\/2023\/12\/favicone.jpg","contentUrl":"https:\/\/www.altea-alquilerdebarcos.com\/wp-content\/uploads\/2023\/12\/favicone.jpg","width":512,"height":512,"caption":"Evasion Nautica"},"image":{"@id":"https:\/\/www.altea-alquilerdebarcos.com\/fr\/#\/schema\/logo\/image\/"},"sameAs":["https:\/\/www.facebook.com\/evasionnautica.es","https:\/\/x.com\/evasion_nautica","https:\/\/www.tripadvisor.fr\/Attraction_Review-g666316-d10486937-Reviews-Evasion_Nautica-Altea_Costa_Blanca_Province_of_Alicante_Valencian_Country.html"]}]}},"_links":{"self":[{"href":"https:\/\/www.altea-alquilerdebarcos.com\/fr\/wp-json\/wp\/v2\/product\/7035","targetHints":{"allow":["GET"]}}],"collection":[{"href":"https:\/\/www.altea-alquilerdebarcos.com\/fr\/wp-json\/wp\/v2\/product"}],"about":[{"href":"https:\/\/www.altea-alquilerdebarcos.com\/fr\/wp-json\/wp\/v2\/types\/product"}],"wp:featuredmedia":[{"embeddable":true,"href":"https:\/\/www.altea-alquilerdebarcos.com\/fr\/wp-json\/wp\/v2\/media\/7038"}],"wp:attachment":[{"href":"https:\/\/www.altea-alquilerdebarcos.com\/fr\/wp-json\/wp\/v2\/media?parent=7035"}],"wp:term":[{"taxonomy":"product_brand","embeddable":true,"href":"https:\/\/www.altea-alquilerdebarcos.com\/fr\/wp-json\/wp\/v2\/product_brand?post=7035"},{"taxonomy":"product_cat","embeddable":true,"href":"https:\/\/www.altea-alquilerdebarcos.com\/fr\/wp-json\/wp\/v2\/product_cat?post=7035"},{"taxonomy":"product_tag","embeddable":true,"href":"https:\/\/www.altea-alquilerdebarcos.com\/fr\/wp-json\/wp\/v2\/product_tag?post=7035"}],"curies":[{"name":"wp","href":"https:\/\/api.w.org\/{rel}","templated":true}]}}