{"id":1430,"date":"2021-04-22T19:53:28","date_gmt":"2021-05-01T14:00:43","guid":{"rendered":"https:\/\/www.altea-alquilerdebarcos.com\/barcos\/bma\/"},"modified":"2024-03-04T13:00:38","modified_gmt":"2024-03-04T12:00:38","slug":"bma","status":"publish","type":"product","link":"https:\/\/www.altea-alquilerdebarcos.com\/fr\/bateaux\/bma\/","title":{"rendered":"BMA X199"},"content":{"rendered":"<p><strong>Caract\u00e9ristiques <\/strong> (bateau avec permis)<\/p>\n<ul>\n<li><strong>Marque<\/strong> : BMA<\/li>\n<li><strong>Moteur<\/strong> : 130 CV<\/li>\n<li><strong>Longueur<\/strong> : 5,99m<\/li>\n<li><strong>Max de personnes<\/strong> : 7 personnes<\/li>\n<li><strong>Equipements<\/strong> : taud de soleil , solarium, \u00e9chelle de bain, table, musique, douche et sondeur<\/li>\n<li><strong>Les prix incluent<\/strong> : IVA, \u00e9quipements, amarre, nettoyage du bateau, assurance<\/li>\n<\/ul>\n<p>&nbsp;<\/p>\n<p>&nbsp;<\/p>\n<p style=\"text-align: center;\"><strong>BASSE SAISON (septembre \u00e0 juin)<\/strong><\/p>\n<table border=\"1\" width=\"100%\" cellspacing=\"0\" cellpadding=\"4\">\n<tbody>\n<tr valign=\"TOP\">\n<td width=\"50%\" height=\"15\">\n<p align=\"CENTER\"><span style=\"font-family: Arial, sans-serif;\">2 HEURES<\/span><\/p>\n<\/td>\n<td width=\"50%\">\n<p align=\"CENTER\"><span style=\"font-family: Arial, sans-serif;\"><b>120,00 \u20ac<\/b><\/span><\/p>\n<\/td>\n<\/tr>\n<tr valign=\"TOP\">\n<td width=\"50%\" height=\"16\">\n<p align=\"CENTER\"><span style=\"font-family: Arial, sans-serif;\">DEMIE JOURNEE 4 HEURES<\/span><\/p>\n<\/td>\n<td width=\"50%\">\n<p align=\"CENTER\"><span style=\"font-family: Arial, sans-serif;\"><b>210,00 \u20ac<\/b><\/span><\/p>\n<\/td>\n<\/tr>\n<tr valign=\"TOP\">\n<td width=\"50%\">\n<p align=\"CENTER\"><span style=\"font-family: Arial, sans-serif;\">JOURNEE 8 HEURES<\/span><\/p>\n<\/td>\n<td width=\"50%\">\n<p align=\"CENTER\"><span style=\"font-family: Arial, sans-serif;\"><b>310,00 \u20ac<\/b><\/span><\/p>\n<\/td>\n<\/tr>\n<\/tbody>\n<\/table>\n<p>&nbsp;<\/p>\n<p style=\"text-align: center;\"><strong>HAUTE SAISON (juillet et ao\u00fbt)<\/strong><\/p>\n<table border=\"1\" width=\"100%\" cellspacing=\"0\" cellpadding=\"4\">\n<tbody>\n<tr valign=\"TOP\">\n<td width=\"50%\" height=\"15\">\n<p align=\"CENTER\"><span style=\"font-family: Arial, sans-serif;\">2 HEURES<\/span><\/p>\n<\/td>\n<td width=\"50%\">\n<p align=\"CENTER\"><span style=\"font-family: Arial, sans-serif;\"><b>140,00 \u20ac<\/b><\/span><\/p>\n<\/td>\n<\/tr>\n<tr valign=\"TOP\">\n<td width=\"50%\" height=\"16\">\n<p align=\"CENTER\"><span style=\"font-family: Arial, sans-serif;\">DEMIE JOURNEE 4 HEURES<\/span><\/p>\n<\/td>\n<td width=\"50%\">\n<p align=\"CENTER\"><span style=\"font-family: Arial, sans-serif;\"><b>260,00 \u20ac<\/b><\/span><\/p>\n<\/td>\n<\/tr>\n<tr valign=\"TOP\">\n<td width=\"50%\">\n<p align=\"CENTER\"><span style=\"font-family: Arial, sans-serif;\">JOURNEE 8 HEURES<\/span><\/p>\n<\/td>\n<td width=\"50%\">\n<p align=\"CENTER\"><span style=\"font-family: Arial, sans-serif;\"><b>360,00 \u20ac<\/b><\/span><\/p>\n<\/td>\n<\/tr>\n<\/tbody>\n<\/table>\n<p>&nbsp;<\/p>\n<ul>\n<li><strong>CAUTION\u00a0: 400\u20ac<\/strong><\/li>\n<\/ul>\n<p>Avec des finitions de construction de qualit\u00e9 et une conception de coque con\u00e7ue pour le confort dans le s\u00e9jour, spacieux bateau. \u00c9quip\u00e9 d&rsquo;un moteur de 130 ch, avec lequel il ne manquera jamais de puissance pour naviguer \u00e0 votre guise, ou profiter des sports nautiques que nous vous proposons. Adapt\u00e9 pour 7 personnes, avec son solarium confortable, table amovible, \u00e9chelle de bain d&rsquo;un excellent confort, sondeur, musique douche d eau douce<\/p>\n<p>Location bateaux Altea avec Evasion Nautica<\/p>\n","protected":false},"excerpt":{"rendered":"[elementor-template id=\"481\"]\n","protected":false},"featured_media":6901,"template":"","meta":{"_acf_changed":false},"product_brand":[],"product_cat":[50],"product_tag":[],"class_list":{"0":"post-1430","1":"product","2":"type-product","3":"status-publish","4":"has-post-thumbnail","6":"product_cat-locations","8":"first","9":"instock","10":"virtual","11":"purchasable","12":"product-type-simple"},"acf":[],"yoast_head":"<!-- This site is optimized with the Yoast SEO plugin v27.3 - https:\/\/yoast.com\/product\/yoast-seo-wordpress\/ -->\n<title>BMA X199 - Evasion Nautica<\/title>\n<meta name=\"robots\" content=\"index, follow, max-snippet:-1, max-image-preview:large, max-video-preview:-1\" \/>\n<link rel=\"canonical\" href=\"https:\/\/www.altea-alquilerdebarcos.com\/fr\/bateaux\/bma\/\" \/>\n<meta property=\"og:locale\" content=\"fr_FR\" \/>\n<meta property=\"og:type\" content=\"article\" \/>\n<meta property=\"og:title\" content=\"BMA X199 - Evasion Nautica\" \/>\n<meta property=\"og:url\" content=\"https:\/\/www.altea-alquilerdebarcos.com\/fr\/bateaux\/bma\/\" \/>\n<meta property=\"og:site_name\" content=\"Evasion Nautica\" \/>\n<meta property=\"article:publisher\" content=\"https:\/\/www.facebook.com\/evasionnautica.es\" \/>\n<meta property=\"article:modified_time\" content=\"2024-03-04T12:00:38+00:00\" \/>\n<meta property=\"og:image\" content=\"https:\/\/www.altea-alquilerdebarcos.com\/wp-content\/uploads\/2021\/04\/evasion-nautica-boat-bma-x199.jpg\" \/>\n\t<meta property=\"og:image:width\" content=\"1200\" \/>\n\t<meta property=\"og:image:height\" content=\"1600\" \/>\n\t<meta property=\"og:image:type\" content=\"image\/jpeg\" \/>\n<meta name=\"twitter:card\" content=\"summary_large_image\" \/>\n<meta name=\"twitter:description\" content=\"[elementor-template id=&quot;481&quot;]\" \/>\n<meta name=\"twitter:site\" content=\"@evasion_nautica\" \/>\n<meta name=\"twitter:label1\" content=\"Dur\u00e9e de lecture estim\u00e9e\" \/>\n\t<meta name=\"twitter:data1\" content=\"1 minute\" \/>\n<script type=\"application\/ld+json\" class=\"yoast-schema-graph\">{\"@context\":\"https:\\\/\\\/schema.org\",\"@graph\":[{\"@type\":\"WebPage\",\"@id\":\"https:\\\/\\\/www.altea-alquilerdebarcos.com\\\/fr\\\/bateaux\\\/bma\\\/\",\"url\":\"https:\\\/\\\/www.altea-alquilerdebarcos.com\\\/fr\\\/bateaux\\\/bma\\\/\",\"name\":\"BMA X199 - Evasion Nautica\",\"isPartOf\":{\"@id\":\"https:\\\/\\\/www.altea-alquilerdebarcos.com\\\/fr\\\/#website\"},\"primaryImageOfPage\":{\"@id\":\"https:\\\/\\\/www.altea-alquilerdebarcos.com\\\/fr\\\/bateaux\\\/bma\\\/#primaryimage\"},\"image\":{\"@id\":\"https:\\\/\\\/www.altea-alquilerdebarcos.com\\\/fr\\\/bateaux\\\/bma\\\/#primaryimage\"},\"thumbnailUrl\":\"https:\\\/\\\/www.altea-alquilerdebarcos.com\\\/wp-content\\\/uploads\\\/2021\\\/04\\\/evasion-nautica-boat-bma-x199.jpg\",\"datePublished\":\"2021-05-01T14:00:43+00:00\",\"dateModified\":\"2024-03-04T12:00:38+00:00\",\"breadcrumb\":{\"@id\":\"https:\\\/\\\/www.altea-alquilerdebarcos.com\\\/fr\\\/bateaux\\\/bma\\\/#breadcrumb\"},\"inLanguage\":\"fr-FR\",\"potentialAction\":[{\"@type\":\"ReadAction\",\"target\":[\"https:\\\/\\\/www.altea-alquilerdebarcos.com\\\/fr\\\/bateaux\\\/bma\\\/\"]}]},{\"@type\":\"ImageObject\",\"inLanguage\":\"fr-FR\",\"@id\":\"https:\\\/\\\/www.altea-alquilerdebarcos.com\\\/fr\\\/bateaux\\\/bma\\\/#primaryimage\",\"url\":\"https:\\\/\\\/www.altea-alquilerdebarcos.com\\\/wp-content\\\/uploads\\\/2021\\\/04\\\/evasion-nautica-boat-bma-x199.jpg\",\"contentUrl\":\"https:\\\/\\\/www.altea-alquilerdebarcos.com\\\/wp-content\\\/uploads\\\/2021\\\/04\\\/evasion-nautica-boat-bma-x199.jpg\",\"width\":1200,\"height\":1600},{\"@type\":\"BreadcrumbList\",\"@id\":\"https:\\\/\\\/www.altea-alquilerdebarcos.com\\\/fr\\\/bateaux\\\/bma\\\/#breadcrumb\",\"itemListElement\":[{\"@type\":\"ListItem\",\"position\":1,\"name\":\"Produits\",\"item\":\"https:\\\/\\\/www.altea-alquilerdebarcos.com\\\/fr\\\/shop\\\/\"},{\"@type\":\"ListItem\",\"position\":2,\"name\":\"BMA X199\"}]},{\"@type\":\"WebSite\",\"@id\":\"https:\\\/\\\/www.altea-alquilerdebarcos.com\\\/fr\\\/#website\",\"url\":\"https:\\\/\\\/www.altea-alquilerdebarcos.com\\\/fr\\\/\",\"name\":\"Evasion Nautica\",\"description\":\"\",\"publisher\":{\"@id\":\"https:\\\/\\\/www.altea-alquilerdebarcos.com\\\/fr\\\/#organization\"},\"potentialAction\":[{\"@type\":\"SearchAction\",\"target\":{\"@type\":\"EntryPoint\",\"urlTemplate\":\"https:\\\/\\\/www.altea-alquilerdebarcos.com\\\/fr\\\/?s={search_term_string}\"},\"query-input\":{\"@type\":\"PropertyValueSpecification\",\"valueRequired\":true,\"valueName\":\"search_term_string\"}}],\"inLanguage\":\"fr-FR\"},{\"@type\":\"Organization\",\"@id\":\"https:\\\/\\\/www.altea-alquilerdebarcos.com\\\/fr\\\/#organization\",\"name\":\"Evasion Nautica\",\"url\":\"https:\\\/\\\/www.altea-alquilerdebarcos.com\\\/fr\\\/\",\"logo\":{\"@type\":\"ImageObject\",\"inLanguage\":\"fr-FR\",\"@id\":\"https:\\\/\\\/www.altea-alquilerdebarcos.com\\\/fr\\\/#\\\/schema\\\/logo\\\/image\\\/\",\"url\":\"https:\\\/\\\/www.altea-alquilerdebarcos.com\\\/wp-content\\\/uploads\\\/2023\\\/12\\\/favicone.jpg\",\"contentUrl\":\"https:\\\/\\\/www.altea-alquilerdebarcos.com\\\/wp-content\\\/uploads\\\/2023\\\/12\\\/favicone.jpg\",\"width\":512,\"height\":512,\"caption\":\"Evasion Nautica\"},\"image\":{\"@id\":\"https:\\\/\\\/www.altea-alquilerdebarcos.com\\\/fr\\\/#\\\/schema\\\/logo\\\/image\\\/\"},\"sameAs\":[\"https:\\\/\\\/www.facebook.com\\\/evasionnautica.es\",\"https:\\\/\\\/x.com\\\/evasion_nautica\",\"https:\\\/\\\/www.tripadvisor.fr\\\/Attraction_Review-g666316-d10486937-Reviews-Evasion_Nautica-Altea_Costa_Blanca_Province_of_Alicante_Valencian_Country.html\"]}]}<\/script>\n<!-- \/ Yoast SEO plugin. -->","yoast_head_json":{"title":"BMA X199 - Evasion Nautica","robots":{"index":"index","follow":"follow","max-snippet":"max-snippet:-1","max-image-preview":"max-image-preview:large","max-video-preview":"max-video-preview:-1"},"canonical":"https:\/\/www.altea-alquilerdebarcos.com\/fr\/bateaux\/bma\/","og_locale":"fr_FR","og_type":"article","og_title":"BMA X199 - Evasion Nautica","og_url":"https:\/\/www.altea-alquilerdebarcos.com\/fr\/bateaux\/bma\/","og_site_name":"Evasion Nautica","article_publisher":"https:\/\/www.facebook.com\/evasionnautica.es","article_modified_time":"2024-03-04T12:00:38+00:00","og_image":[{"width":1200,"height":1600,"url":"https:\/\/www.altea-alquilerdebarcos.com\/wp-content\/uploads\/2021\/04\/evasion-nautica-boat-bma-x199.jpg","type":"image\/jpeg"}],"twitter_card":"summary_large_image","twitter_description":"[elementor-template id=\"481\"]","twitter_site":"@evasion_nautica","twitter_misc":{"Dur\u00e9e de lecture estim\u00e9e":"1 minute"},"schema":{"@context":"https:\/\/schema.org","@graph":[{"@type":"WebPage","@id":"https:\/\/www.altea-alquilerdebarcos.com\/fr\/bateaux\/bma\/","url":"https:\/\/www.altea-alquilerdebarcos.com\/fr\/bateaux\/bma\/","name":"BMA X199 - Evasion Nautica","isPartOf":{"@id":"https:\/\/www.altea-alquilerdebarcos.com\/fr\/#website"},"primaryImageOfPage":{"@id":"https:\/\/www.altea-alquilerdebarcos.com\/fr\/bateaux\/bma\/#primaryimage"},"image":{"@id":"https:\/\/www.altea-alquilerdebarcos.com\/fr\/bateaux\/bma\/#primaryimage"},"thumbnailUrl":"https:\/\/www.altea-alquilerdebarcos.com\/wp-content\/uploads\/2021\/04\/evasion-nautica-boat-bma-x199.jpg","datePublished":"2021-05-01T14:00:43+00:00","dateModified":"2024-03-04T12:00:38+00:00","breadcrumb":{"@id":"https:\/\/www.altea-alquilerdebarcos.com\/fr\/bateaux\/bma\/#breadcrumb"},"inLanguage":"fr-FR","potentialAction":[{"@type":"ReadAction","target":["https:\/\/www.altea-alquilerdebarcos.com\/fr\/bateaux\/bma\/"]}]},{"@type":"ImageObject","inLanguage":"fr-FR","@id":"https:\/\/www.altea-alquilerdebarcos.com\/fr\/bateaux\/bma\/#primaryimage","url":"https:\/\/www.altea-alquilerdebarcos.com\/wp-content\/uploads\/2021\/04\/evasion-nautica-boat-bma-x199.jpg","contentUrl":"https:\/\/www.altea-alquilerdebarcos.com\/wp-content\/uploads\/2021\/04\/evasion-nautica-boat-bma-x199.jpg","width":1200,"height":1600},{"@type":"BreadcrumbList","@id":"https:\/\/www.altea-alquilerdebarcos.com\/fr\/bateaux\/bma\/#breadcrumb","itemListElement":[{"@type":"ListItem","position":1,"name":"Produits","item":"https:\/\/www.altea-alquilerdebarcos.com\/fr\/shop\/"},{"@type":"ListItem","position":2,"name":"BMA X199"}]},{"@type":"WebSite","@id":"https:\/\/www.altea-alquilerdebarcos.com\/fr\/#website","url":"https:\/\/www.altea-alquilerdebarcos.com\/fr\/","name":"Evasion Nautica","description":"","publisher":{"@id":"https:\/\/www.altea-alquilerdebarcos.com\/fr\/#organization"},"potentialAction":[{"@type":"SearchAction","target":{"@type":"EntryPoint","urlTemplate":"https:\/\/www.altea-alquilerdebarcos.com\/fr\/?s={search_term_string}"},"query-input":{"@type":"PropertyValueSpecification","valueRequired":true,"valueName":"search_term_string"}}],"inLanguage":"fr-FR"},{"@type":"Organization","@id":"https:\/\/www.altea-alquilerdebarcos.com\/fr\/#organization","name":"Evasion Nautica","url":"https:\/\/www.altea-alquilerdebarcos.com\/fr\/","logo":{"@type":"ImageObject","inLanguage":"fr-FR","@id":"https:\/\/www.altea-alquilerdebarcos.com\/fr\/#\/schema\/logo\/image\/","url":"https:\/\/www.altea-alquilerdebarcos.com\/wp-content\/uploads\/2023\/12\/favicone.jpg","contentUrl":"https:\/\/www.altea-alquilerdebarcos.com\/wp-content\/uploads\/2023\/12\/favicone.jpg","width":512,"height":512,"caption":"Evasion Nautica"},"image":{"@id":"https:\/\/www.altea-alquilerdebarcos.com\/fr\/#\/schema\/logo\/image\/"},"sameAs":["https:\/\/www.facebook.com\/evasionnautica.es","https:\/\/x.com\/evasion_nautica","https:\/\/www.tripadvisor.fr\/Attraction_Review-g666316-d10486937-Reviews-Evasion_Nautica-Altea_Costa_Blanca_Province_of_Alicante_Valencian_Country.html"]}]}},"_links":{"self":[{"href":"https:\/\/www.altea-alquilerdebarcos.com\/fr\/wp-json\/wp\/v2\/product\/1430","targetHints":{"allow":["GET"]}}],"collection":[{"href":"https:\/\/www.altea-alquilerdebarcos.com\/fr\/wp-json\/wp\/v2\/product"}],"about":[{"href":"https:\/\/www.altea-alquilerdebarcos.com\/fr\/wp-json\/wp\/v2\/types\/product"}],"wp:featuredmedia":[{"embeddable":true,"href":"https:\/\/www.altea-alquilerdebarcos.com\/fr\/wp-json\/wp\/v2\/media\/6901"}],"wp:attachment":[{"href":"https:\/\/www.altea-alquilerdebarcos.com\/fr\/wp-json\/wp\/v2\/media?parent=1430"}],"wp:term":[{"taxonomy":"product_brand","embeddable":true,"href":"https:\/\/www.altea-alquilerdebarcos.com\/fr\/wp-json\/wp\/v2\/product_brand?post=1430"},{"taxonomy":"product_cat","embeddable":true,"href":"https:\/\/www.altea-alquilerdebarcos.com\/fr\/wp-json\/wp\/v2\/product_cat?post=1430"},{"taxonomy":"product_tag","embeddable":true,"href":"https:\/\/www.altea-alquilerdebarcos.com\/fr\/wp-json\/wp\/v2\/product_tag?post=1430"}],"curies":[{"name":"wp","href":"https:\/\/api.w.org\/{rel}","templated":true}]}}