{"id":1422,"date":"2021-04-22T19:53:28","date_gmt":"2021-05-01T13:51:59","guid":{"rendered":"https:\/\/www.altea-alquilerdebarcos.com\/barcos\/beneteau-flyer-6-6\/"},"modified":"2024-05-16T17:07:38","modified_gmt":"2024-05-16T15:07:38","slug":"beneteau-flyer-6-6","status":"publish","type":"product","link":"https:\/\/www.altea-alquilerdebarcos.com\/fr\/bateaux\/beneteau-flyer-6-6\/","title":{"rendered":"Beneteau Flyer 6.6"},"content":{"rendered":"<p><strong>Caract\u00e9ristiques <\/strong> (bateau avec permis)<\/p>\n<ul>\n<li><strong>Marque<\/strong> : Beneteau<\/li>\n<li><strong>Moteur<\/strong> : 175 CV<\/li>\n<li><strong>Longueur<\/strong> : 6,80m<\/li>\n<li><strong>Max de personnes<\/strong> : 7 personnes<\/li>\n<li><strong>Equipements<\/strong> : Auvent, solarium, \u00e9chelle de bain, table, musique, douche, sondeur et GPS<\/li>\n<li><strong>Les prix comprennent<\/strong>: IVA, \u00e9quipement, amarrage, nettoyage du bateau, assurance<\/li>\n<\/ul>\n<p>&nbsp;<\/p>\n<p style=\"text-align: center;\"><strong>BASSE SAISON (septembre \u00e0 juin)<\/strong><\/p>\n<table border=\"1\" width=\"100%\" cellspacing=\"0\" cellpadding=\"4\">\n<tbody>\n<tr valign=\"TOP\">\n<td width=\"50%\" height=\"15\">\n<p align=\"CENTER\"><span style=\"font-family: Arial, sans-serif;\">2 HEURES<\/span><\/p>\n<\/td>\n<td width=\"50%\">\n<p align=\"CENTER\"><span style=\"font-family: Arial, sans-serif;\"><b>140,00 \u20ac<\/b><\/span><\/p>\n<\/td>\n<\/tr>\n<tr valign=\"TOP\">\n<td width=\"50%\" height=\"16\">\n<p align=\"CENTER\"><span style=\"font-family: Arial, sans-serif;\">DEMIE JOURNEE 4 HEURES<\/span><\/p>\n<\/td>\n<td width=\"50%\">\n<p align=\"CENTER\"><span style=\"font-family: Arial, sans-serif;\"><b>270,00 \u20ac<\/b><\/span><\/p>\n<\/td>\n<\/tr>\n<tr valign=\"TOP\">\n<td width=\"50%\">\n<p align=\"CENTER\"><span style=\"font-family: Arial, sans-serif;\">JOURNEE 8 HEURES<\/span><\/p>\n<\/td>\n<td width=\"50%\">\n<p align=\"CENTER\"><span style=\"font-family: Arial, sans-serif;\"><b>380,00 \u20ac<\/b><\/span><\/p>\n<\/td>\n<\/tr>\n<\/tbody>\n<\/table>\n<p>&nbsp;<\/p>\n<p style=\"text-align: center;\"><strong>HAUTE SAISON\u00a0 (juillet et ao\u00fbt)<\/strong><\/p>\n<table border=\"1\" width=\"100%\" cellspacing=\"0\" cellpadding=\"4\">\n<tbody>\n<tr valign=\"TOP\">\n<td width=\"50%\" height=\"15\">\n<p align=\"CENTER\"><span style=\"font-family: Arial, sans-serif;\">2 HEURES<\/span><\/p>\n<\/td>\n<td width=\"50%\">\n<p align=\"CENTER\"><span style=\"font-family: Arial, sans-serif;\"><b>140,00 \u20ac<\/b><\/span><\/p>\n<\/td>\n<\/tr>\n<tr valign=\"TOP\">\n<td width=\"50%\" height=\"16\">\n<p align=\"CENTER\"><span style=\"font-family: Arial, sans-serif;\">DEMIE JOURNEE 4 HEURES<\/span><\/p>\n<\/td>\n<td width=\"50%\">\n<p align=\"CENTER\"><span style=\"font-family: Arial, sans-serif;\"><b>300,00 \u20ac<\/b><\/span><\/p>\n<\/td>\n<\/tr>\n<tr valign=\"TOP\">\n<td width=\"50%\">\n<p align=\"CENTER\"><span style=\"font-family: Arial, sans-serif;\">JOURNEE 8 HEURES<\/span><\/p>\n<\/td>\n<td width=\"50%\">\n<p align=\"CENTER\"><span style=\"font-family: Arial, sans-serif;\"><b>420,00 \u20ac<\/b><\/span><\/p>\n<\/td>\n<\/tr>\n<\/tbody>\n<\/table>\n<p>&nbsp;<\/p>\n<ul>\n<li><strong>CAUTION\u00a0600\u20ac<\/strong><\/li>\n<\/ul>\n<p>&nbsp;<\/p>\n<p>Louez un bateau avec nous et devenez le capitaine de votre propre bateau et profitez de la beaut\u00e9 de la mer M\u00e9diterran\u00e9e. D\u00e9couvrez la c\u00f4te d&rsquo;Altea \u00e0 bord de notre Beneteau Flyer 6.6 moderne de 6,80 m\u00e8tres de long, parfait pour ceux qui recherchent une exp\u00e9rience nautique abordable et durable. Sa motorisation moderne allie puissance et faible consommation de carburant, offrant la possibilit\u00e9 de profiter de la mer sans sacrifier votre poche ou l&rsquo;environnement. Nous essayons de donner le meilleur service possible \u00e0 nos clients Notre \u00e9quipe hautement qualifi\u00e9e est toujours pr\u00eate \u00e0 conseiller et \u00e0 aider nos clients \u00e0 tout moment. Du moment o\u00f9 vous r\u00e9servez jusqu&rsquo;\u00e0 la fin de votre visite, nous veillons \u00e0 ce que votre exp\u00e9rience soit aussi confortable et satisfaisante que possible.<\/p>\n<p>Location de bateaux Altea avec Evasion Nautica<\/p>\n","protected":false},"excerpt":{"rendered":"[elementor-template id=\"481\"]\n","protected":false},"featured_media":6858,"template":"","meta":{"_acf_changed":false},"product_brand":[],"product_cat":[50],"product_tag":[],"class_list":{"0":"post-1422","1":"product","2":"type-product","3":"status-publish","4":"has-post-thumbnail","6":"product_cat-locations","8":"first","9":"instock","10":"shipping-taxable","11":"purchasable","12":"product-type-simple"},"acf":[],"yoast_head":"<!-- This site is optimized with the Yoast SEO plugin v27.3 - https:\/\/yoast.com\/product\/yoast-seo-wordpress\/ -->\n<title>Beneteau Flyer 6.6 - Evasion Nautica<\/title>\n<meta name=\"robots\" content=\"index, follow, max-snippet:-1, max-image-preview:large, max-video-preview:-1\" \/>\n<link rel=\"canonical\" href=\"https:\/\/www.altea-alquilerdebarcos.com\/fr\/bateaux\/beneteau-flyer-6-6\/\" \/>\n<meta property=\"og:locale\" content=\"fr_FR\" \/>\n<meta property=\"og:type\" content=\"article\" \/>\n<meta property=\"og:title\" content=\"Beneteau Flyer 6.6 - Evasion Nautica\" \/>\n<meta property=\"og:url\" content=\"https:\/\/www.altea-alquilerdebarcos.com\/fr\/bateaux\/beneteau-flyer-6-6\/\" \/>\n<meta property=\"og:site_name\" content=\"Evasion Nautica\" \/>\n<meta property=\"article:publisher\" content=\"https:\/\/www.facebook.com\/evasionnautica.es\" \/>\n<meta property=\"article:modified_time\" content=\"2024-05-16T15:07:38+00:00\" \/>\n<meta property=\"og:image\" content=\"https:\/\/www.altea-alquilerdebarcos.com\/wp-content\/uploads\/2021\/04\/BENETEAU-FLYER-.jpg\" \/>\n\t<meta property=\"og:image:width\" content=\"1600\" \/>\n\t<meta property=\"og:image:height\" content=\"1107\" \/>\n\t<meta property=\"og:image:type\" content=\"image\/jpeg\" \/>\n<meta name=\"twitter:card\" content=\"summary_large_image\" \/>\n<meta name=\"twitter:description\" content=\"[elementor-template id=&quot;481&quot;]\" \/>\n<meta name=\"twitter:site\" content=\"@evasion_nautica\" \/>\n<meta name=\"twitter:label1\" content=\"Dur\u00e9e de lecture estim\u00e9e\" \/>\n\t<meta name=\"twitter:data1\" content=\"2 minutes\" \/>\n<script type=\"application\/ld+json\" class=\"yoast-schema-graph\">{\"@context\":\"https:\\\/\\\/schema.org\",\"@graph\":[{\"@type\":\"WebPage\",\"@id\":\"https:\\\/\\\/www.altea-alquilerdebarcos.com\\\/fr\\\/bateaux\\\/beneteau-flyer-6-6\\\/\",\"url\":\"https:\\\/\\\/www.altea-alquilerdebarcos.com\\\/fr\\\/bateaux\\\/beneteau-flyer-6-6\\\/\",\"name\":\"Beneteau Flyer 6.6 - Evasion Nautica\",\"isPartOf\":{\"@id\":\"https:\\\/\\\/www.altea-alquilerdebarcos.com\\\/fr\\\/#website\"},\"primaryImageOfPage\":{\"@id\":\"https:\\\/\\\/www.altea-alquilerdebarcos.com\\\/fr\\\/bateaux\\\/beneteau-flyer-6-6\\\/#primaryimage\"},\"image\":{\"@id\":\"https:\\\/\\\/www.altea-alquilerdebarcos.com\\\/fr\\\/bateaux\\\/beneteau-flyer-6-6\\\/#primaryimage\"},\"thumbnailUrl\":\"https:\\\/\\\/www.altea-alquilerdebarcos.com\\\/wp-content\\\/uploads\\\/2021\\\/04\\\/BENETEAU-FLYER-.jpg\",\"datePublished\":\"2021-05-01T13:51:59+00:00\",\"dateModified\":\"2024-05-16T15:07:38+00:00\",\"breadcrumb\":{\"@id\":\"https:\\\/\\\/www.altea-alquilerdebarcos.com\\\/fr\\\/bateaux\\\/beneteau-flyer-6-6\\\/#breadcrumb\"},\"inLanguage\":\"fr-FR\",\"potentialAction\":[{\"@type\":\"ReadAction\",\"target\":[\"https:\\\/\\\/www.altea-alquilerdebarcos.com\\\/fr\\\/bateaux\\\/beneteau-flyer-6-6\\\/\"]}]},{\"@type\":\"ImageObject\",\"inLanguage\":\"fr-FR\",\"@id\":\"https:\\\/\\\/www.altea-alquilerdebarcos.com\\\/fr\\\/bateaux\\\/beneteau-flyer-6-6\\\/#primaryimage\",\"url\":\"https:\\\/\\\/www.altea-alquilerdebarcos.com\\\/wp-content\\\/uploads\\\/2021\\\/04\\\/BENETEAU-FLYER-.jpg\",\"contentUrl\":\"https:\\\/\\\/www.altea-alquilerdebarcos.com\\\/wp-content\\\/uploads\\\/2021\\\/04\\\/BENETEAU-FLYER-.jpg\",\"width\":1600,\"height\":1107},{\"@type\":\"BreadcrumbList\",\"@id\":\"https:\\\/\\\/www.altea-alquilerdebarcos.com\\\/fr\\\/bateaux\\\/beneteau-flyer-6-6\\\/#breadcrumb\",\"itemListElement\":[{\"@type\":\"ListItem\",\"position\":1,\"name\":\"Produits\",\"item\":\"https:\\\/\\\/www.altea-alquilerdebarcos.com\\\/fr\\\/shop\\\/\"},{\"@type\":\"ListItem\",\"position\":2,\"name\":\"Beneteau Flyer 6.6\"}]},{\"@type\":\"WebSite\",\"@id\":\"https:\\\/\\\/www.altea-alquilerdebarcos.com\\\/fr\\\/#website\",\"url\":\"https:\\\/\\\/www.altea-alquilerdebarcos.com\\\/fr\\\/\",\"name\":\"Evasion Nautica\",\"description\":\"\",\"publisher\":{\"@id\":\"https:\\\/\\\/www.altea-alquilerdebarcos.com\\\/fr\\\/#organization\"},\"potentialAction\":[{\"@type\":\"SearchAction\",\"target\":{\"@type\":\"EntryPoint\",\"urlTemplate\":\"https:\\\/\\\/www.altea-alquilerdebarcos.com\\\/fr\\\/?s={search_term_string}\"},\"query-input\":{\"@type\":\"PropertyValueSpecification\",\"valueRequired\":true,\"valueName\":\"search_term_string\"}}],\"inLanguage\":\"fr-FR\"},{\"@type\":\"Organization\",\"@id\":\"https:\\\/\\\/www.altea-alquilerdebarcos.com\\\/fr\\\/#organization\",\"name\":\"Evasion Nautica\",\"url\":\"https:\\\/\\\/www.altea-alquilerdebarcos.com\\\/fr\\\/\",\"logo\":{\"@type\":\"ImageObject\",\"inLanguage\":\"fr-FR\",\"@id\":\"https:\\\/\\\/www.altea-alquilerdebarcos.com\\\/fr\\\/#\\\/schema\\\/logo\\\/image\\\/\",\"url\":\"https:\\\/\\\/www.altea-alquilerdebarcos.com\\\/wp-content\\\/uploads\\\/2023\\\/12\\\/favicone.jpg\",\"contentUrl\":\"https:\\\/\\\/www.altea-alquilerdebarcos.com\\\/wp-content\\\/uploads\\\/2023\\\/12\\\/favicone.jpg\",\"width\":512,\"height\":512,\"caption\":\"Evasion Nautica\"},\"image\":{\"@id\":\"https:\\\/\\\/www.altea-alquilerdebarcos.com\\\/fr\\\/#\\\/schema\\\/logo\\\/image\\\/\"},\"sameAs\":[\"https:\\\/\\\/www.facebook.com\\\/evasionnautica.es\",\"https:\\\/\\\/x.com\\\/evasion_nautica\",\"https:\\\/\\\/www.tripadvisor.fr\\\/Attraction_Review-g666316-d10486937-Reviews-Evasion_Nautica-Altea_Costa_Blanca_Province_of_Alicante_Valencian_Country.html\"]}]}<\/script>\n<!-- \/ Yoast SEO plugin. -->","yoast_head_json":{"title":"Beneteau Flyer 6.6 - Evasion Nautica","robots":{"index":"index","follow":"follow","max-snippet":"max-snippet:-1","max-image-preview":"max-image-preview:large","max-video-preview":"max-video-preview:-1"},"canonical":"https:\/\/www.altea-alquilerdebarcos.com\/fr\/bateaux\/beneteau-flyer-6-6\/","og_locale":"fr_FR","og_type":"article","og_title":"Beneteau Flyer 6.6 - Evasion Nautica","og_url":"https:\/\/www.altea-alquilerdebarcos.com\/fr\/bateaux\/beneteau-flyer-6-6\/","og_site_name":"Evasion Nautica","article_publisher":"https:\/\/www.facebook.com\/evasionnautica.es","article_modified_time":"2024-05-16T15:07:38+00:00","og_image":[{"width":1600,"height":1107,"url":"https:\/\/www.altea-alquilerdebarcos.com\/wp-content\/uploads\/2021\/04\/BENETEAU-FLYER-.jpg","type":"image\/jpeg"}],"twitter_card":"summary_large_image","twitter_description":"[elementor-template id=\"481\"]","twitter_site":"@evasion_nautica","twitter_misc":{"Dur\u00e9e de lecture estim\u00e9e":"2 minutes"},"schema":{"@context":"https:\/\/schema.org","@graph":[{"@type":"WebPage","@id":"https:\/\/www.altea-alquilerdebarcos.com\/fr\/bateaux\/beneteau-flyer-6-6\/","url":"https:\/\/www.altea-alquilerdebarcos.com\/fr\/bateaux\/beneteau-flyer-6-6\/","name":"Beneteau Flyer 6.6 - Evasion Nautica","isPartOf":{"@id":"https:\/\/www.altea-alquilerdebarcos.com\/fr\/#website"},"primaryImageOfPage":{"@id":"https:\/\/www.altea-alquilerdebarcos.com\/fr\/bateaux\/beneteau-flyer-6-6\/#primaryimage"},"image":{"@id":"https:\/\/www.altea-alquilerdebarcos.com\/fr\/bateaux\/beneteau-flyer-6-6\/#primaryimage"},"thumbnailUrl":"https:\/\/www.altea-alquilerdebarcos.com\/wp-content\/uploads\/2021\/04\/BENETEAU-FLYER-.jpg","datePublished":"2021-05-01T13:51:59+00:00","dateModified":"2024-05-16T15:07:38+00:00","breadcrumb":{"@id":"https:\/\/www.altea-alquilerdebarcos.com\/fr\/bateaux\/beneteau-flyer-6-6\/#breadcrumb"},"inLanguage":"fr-FR","potentialAction":[{"@type":"ReadAction","target":["https:\/\/www.altea-alquilerdebarcos.com\/fr\/bateaux\/beneteau-flyer-6-6\/"]}]},{"@type":"ImageObject","inLanguage":"fr-FR","@id":"https:\/\/www.altea-alquilerdebarcos.com\/fr\/bateaux\/beneteau-flyer-6-6\/#primaryimage","url":"https:\/\/www.altea-alquilerdebarcos.com\/wp-content\/uploads\/2021\/04\/BENETEAU-FLYER-.jpg","contentUrl":"https:\/\/www.altea-alquilerdebarcos.com\/wp-content\/uploads\/2021\/04\/BENETEAU-FLYER-.jpg","width":1600,"height":1107},{"@type":"BreadcrumbList","@id":"https:\/\/www.altea-alquilerdebarcos.com\/fr\/bateaux\/beneteau-flyer-6-6\/#breadcrumb","itemListElement":[{"@type":"ListItem","position":1,"name":"Produits","item":"https:\/\/www.altea-alquilerdebarcos.com\/fr\/shop\/"},{"@type":"ListItem","position":2,"name":"Beneteau Flyer 6.6"}]},{"@type":"WebSite","@id":"https:\/\/www.altea-alquilerdebarcos.com\/fr\/#website","url":"https:\/\/www.altea-alquilerdebarcos.com\/fr\/","name":"Evasion Nautica","description":"","publisher":{"@id":"https:\/\/www.altea-alquilerdebarcos.com\/fr\/#organization"},"potentialAction":[{"@type":"SearchAction","target":{"@type":"EntryPoint","urlTemplate":"https:\/\/www.altea-alquilerdebarcos.com\/fr\/?s={search_term_string}"},"query-input":{"@type":"PropertyValueSpecification","valueRequired":true,"valueName":"search_term_string"}}],"inLanguage":"fr-FR"},{"@type":"Organization","@id":"https:\/\/www.altea-alquilerdebarcos.com\/fr\/#organization","name":"Evasion Nautica","url":"https:\/\/www.altea-alquilerdebarcos.com\/fr\/","logo":{"@type":"ImageObject","inLanguage":"fr-FR","@id":"https:\/\/www.altea-alquilerdebarcos.com\/fr\/#\/schema\/logo\/image\/","url":"https:\/\/www.altea-alquilerdebarcos.com\/wp-content\/uploads\/2023\/12\/favicone.jpg","contentUrl":"https:\/\/www.altea-alquilerdebarcos.com\/wp-content\/uploads\/2023\/12\/favicone.jpg","width":512,"height":512,"caption":"Evasion Nautica"},"image":{"@id":"https:\/\/www.altea-alquilerdebarcos.com\/fr\/#\/schema\/logo\/image\/"},"sameAs":["https:\/\/www.facebook.com\/evasionnautica.es","https:\/\/x.com\/evasion_nautica","https:\/\/www.tripadvisor.fr\/Attraction_Review-g666316-d10486937-Reviews-Evasion_Nautica-Altea_Costa_Blanca_Province_of_Alicante_Valencian_Country.html"]}]}},"_links":{"self":[{"href":"https:\/\/www.altea-alquilerdebarcos.com\/fr\/wp-json\/wp\/v2\/product\/1422","targetHints":{"allow":["GET"]}}],"collection":[{"href":"https:\/\/www.altea-alquilerdebarcos.com\/fr\/wp-json\/wp\/v2\/product"}],"about":[{"href":"https:\/\/www.altea-alquilerdebarcos.com\/fr\/wp-json\/wp\/v2\/types\/product"}],"wp:featuredmedia":[{"embeddable":true,"href":"https:\/\/www.altea-alquilerdebarcos.com\/fr\/wp-json\/wp\/v2\/media\/6858"}],"wp:attachment":[{"href":"https:\/\/www.altea-alquilerdebarcos.com\/fr\/wp-json\/wp\/v2\/media?parent=1422"}],"wp:term":[{"taxonomy":"product_brand","embeddable":true,"href":"https:\/\/www.altea-alquilerdebarcos.com\/fr\/wp-json\/wp\/v2\/product_brand?post=1422"},{"taxonomy":"product_cat","embeddable":true,"href":"https:\/\/www.altea-alquilerdebarcos.com\/fr\/wp-json\/wp\/v2\/product_cat?post=1422"},{"taxonomy":"product_tag","embeddable":true,"href":"https:\/\/www.altea-alquilerdebarcos.com\/fr\/wp-json\/wp\/v2\/product_tag?post=1422"}],"curies":[{"name":"wp","href":"https:\/\/api.w.org\/{rel}","templated":true}]}}