{"id":1415,"date":"2021-04-22T19:53:28","date_gmt":"2021-05-01T13:47:00","guid":{"rendered":"https:\/\/www.altea-alquilerdebarcos.com\/barcos\/bateau-sans-permis\/"},"modified":"2024-02-05T15:59:32","modified_gmt":"2024-02-05T14:59:32","slug":"bateau-sans-permis","status":"publish","type":"product","link":"https:\/\/www.altea-alquilerdebarcos.com\/fr\/bateaux\/bateau-sans-permis\/","title":{"rendered":"Quicksilver 505 sans permis"},"content":{"rendered":"<p><strong>Caract\u00e9ristiques<\/strong> (bateau sans permis)<\/p>\n<ul>\n<li><strong>Marque<\/strong> : Quicksilver<\/li>\n<li><strong>Moteur<\/strong> : 15 CV<\/li>\n<li><strong>Longueur<\/strong> : 4,97m<\/li>\n<li><strong>Max de personnes<\/strong> : 5 personnes<\/li>\n<li><strong>Equipements<\/strong> : Bimini, solarium, musique, table, \u00e9chelle de bain<\/li>\n<li><strong>Les prix incluent :<\/strong> IVA, \u00e9quipements, amarre, nettoyage du bateau, assurance<\/li>\n<\/ul>\n<p style=\"text-align: center;\"><strong>BASSE SAISON (septembre \u00e0 juin)<\/strong><\/p>\n<table border=\"1\" width=\"100%\" cellspacing=\"0\" cellpadding=\"4\">\n<tbody>\n<tr valign=\"TOP\">\n<td width=\"50%\" height=\"15\">\n<p align=\"CENTER\"><span style=\"font-family: Arial, sans-serif;\">2 HEURES<\/span><\/p>\n<\/td>\n<td width=\"50%\">\n<p align=\"CENTER\"><span style=\"font-family: Arial, sans-serif;\"><b>100,00 \u20ac<\/b><\/span><\/p>\n<\/td>\n<\/tr>\n<tr valign=\"TOP\">\n<td width=\"50%\" height=\"16\">\n<p align=\"CENTER\"><span style=\"font-family: Arial, sans-serif;\">DEMIE JOURNEE 4 HEURES<\/span><\/p>\n<\/td>\n<td width=\"50%\">\n<p align=\"CENTER\"><span style=\"font-family: Arial, sans-serif;\"><b>160,00 \u20ac<\/b><\/span><\/p>\n<\/td>\n<\/tr>\n<tr valign=\"TOP\">\n<td width=\"50%\">\n<p align=\"CENTER\"><span style=\"font-family: Arial, sans-serif;\">JOURNEE 8 HEURES<\/span><\/p>\n<\/td>\n<td width=\"50%\">\n<p align=\"CENTER\"><span style=\"font-family: Arial, sans-serif;\"><b>250,00 \u20ac<\/b><\/span><\/p>\n<\/td>\n<\/tr>\n<\/tbody>\n<\/table>\n<p>&nbsp;<\/p>\n<p style=\"text-align: center;\"><strong>HAUTE SAISON (juillet et ao\u00fbt)<\/strong><\/p>\n<table border=\"1\" width=\"100%\" cellspacing=\"0\" cellpadding=\"4\">\n<tbody>\n<tr valign=\"TOP\">\n<td width=\"50%\" height=\"15\">\n<p align=\"CENTER\"><span style=\"font-family: Arial, sans-serif;\">2 HEURES<\/span><\/p>\n<\/td>\n<td width=\"50%\">\n<p align=\"CENTER\"><span style=\"font-family: Arial, sans-serif;\"><b>100,00 \u20ac<\/b><\/span><\/p>\n<\/td>\n<\/tr>\n<tr valign=\"TOP\">\n<td width=\"50%\" height=\"16\">\n<p align=\"CENTER\"><span style=\"font-family: Arial, sans-serif;\">DEMIE JOURNEE 4 HEURES<\/span><\/p>\n<\/td>\n<td width=\"50%\">\n<p align=\"CENTER\"><span style=\"font-family: Arial, sans-serif;\"><b>190,00 \u20ac<\/b><\/span><\/p>\n<\/td>\n<\/tr>\n<tr valign=\"TOP\">\n<td width=\"50%\">\n<p align=\"CENTER\"><span style=\"font-family: Arial, sans-serif;\">JOURNEE 8 HEURES<\/span><\/p>\n<\/td>\n<td width=\"50%\">\n<p align=\"CENTER\"><span style=\"font-family: Arial, sans-serif;\"><b>290,00 \u20ac<\/b><\/span><\/p>\n<\/td>\n<\/tr>\n<\/tbody>\n<\/table>\n<p>&nbsp;<\/p>\n<ul>\n<li><strong>CAUTION\u00a0: 400\u20ac<\/strong><\/li>\n<\/ul>\n<p>Bateau QuickSilver 505 tr\u00e8s stable, facile et sur Il est \u00e9quip\u00e9 d un taud de soleil, musique , \u00e9chelle de bain Sur et confortable Il a une capacit\u00e9 de 5 personnes<\/p>\n<p>Location de bateaux Altea, le bateau est bas\u00e9 au club Nautico Altea<\/p>\n","protected":false},"excerpt":{"rendered":"[elementor-template id=\"481\"]\n","protected":false},"featured_media":3000,"template":"","meta":{"_acf_changed":false},"product_brand":[],"product_cat":[50],"product_tag":[],"class_list":{"0":"post-1415","1":"product","2":"type-product","3":"status-publish","4":"has-post-thumbnail","6":"product_cat-locations","8":"first","9":"instock","10":"virtual","11":"purchasable","12":"product-type-simple"},"acf":[],"yoast_head":"<!-- This site is optimized with the Yoast SEO plugin v27.3 - https:\/\/yoast.com\/product\/yoast-seo-wordpress\/ -->\n<title>Quicksilver 505 sans permis - Evasion Nautica<\/title>\n<meta name=\"robots\" content=\"index, follow, max-snippet:-1, max-image-preview:large, max-video-preview:-1\" \/>\n<link rel=\"canonical\" href=\"https:\/\/www.altea-alquilerdebarcos.com\/fr\/bateaux\/bateau-sans-permis\/\" \/>\n<meta property=\"og:locale\" content=\"fr_FR\" \/>\n<meta property=\"og:type\" content=\"article\" \/>\n<meta property=\"og:title\" content=\"Quicksilver 505 sans permis - Evasion Nautica\" \/>\n<meta property=\"og:url\" content=\"https:\/\/www.altea-alquilerdebarcos.com\/fr\/bateaux\/bateau-sans-permis\/\" \/>\n<meta property=\"og:site_name\" content=\"Evasion Nautica\" \/>\n<meta property=\"article:publisher\" content=\"https:\/\/www.facebook.com\/evasionnautica.es\" \/>\n<meta property=\"article:modified_time\" content=\"2024-02-05T14:59:32+00:00\" \/>\n<meta property=\"og:image\" content=\"http:\/\/www.altea-alquilerdebarcos.com\/wp-content\/uploads\/2021\/04\/657CBBEA-8D0E-4DB1-AD11-B668FE51FE76.jpeg\" \/>\n\t<meta property=\"og:image:width\" content=\"800\" \/>\n\t<meta property=\"og:image:height\" content=\"517\" \/>\n\t<meta property=\"og:image:type\" content=\"image\/jpeg\" \/>\n<meta name=\"twitter:card\" content=\"summary_large_image\" \/>\n<meta name=\"twitter:description\" content=\"[elementor-template id=&quot;481&quot;]\" \/>\n<meta name=\"twitter:site\" content=\"@evasion_nautica\" \/>\n<meta name=\"twitter:label1\" content=\"Dur\u00e9e de lecture estim\u00e9e\" \/>\n\t<meta name=\"twitter:data1\" content=\"1 minute\" \/>\n<script type=\"application\/ld+json\" class=\"yoast-schema-graph\">{\"@context\":\"https:\\\/\\\/schema.org\",\"@graph\":[{\"@type\":\"WebPage\",\"@id\":\"https:\\\/\\\/www.altea-alquilerdebarcos.com\\\/fr\\\/bateaux\\\/bateau-sans-permis\\\/\",\"url\":\"https:\\\/\\\/www.altea-alquilerdebarcos.com\\\/fr\\\/bateaux\\\/bateau-sans-permis\\\/\",\"name\":\"Quicksilver 505 sans permis - Evasion Nautica\",\"isPartOf\":{\"@id\":\"http:\\\/\\\/www.altea-alquilerdebarcos.com\\\/fr\\\/#website\"},\"primaryImageOfPage\":{\"@id\":\"https:\\\/\\\/www.altea-alquilerdebarcos.com\\\/fr\\\/bateaux\\\/bateau-sans-permis\\\/#primaryimage\"},\"image\":{\"@id\":\"https:\\\/\\\/www.altea-alquilerdebarcos.com\\\/fr\\\/bateaux\\\/bateau-sans-permis\\\/#primaryimage\"},\"thumbnailUrl\":\"https:\\\/\\\/www.altea-alquilerdebarcos.com\\\/wp-content\\\/uploads\\\/2021\\\/04\\\/657CBBEA-8D0E-4DB1-AD11-B668FE51FE76.jpeg\",\"datePublished\":\"2021-05-01T13:47:00+00:00\",\"dateModified\":\"2024-02-05T14:59:32+00:00\",\"breadcrumb\":{\"@id\":\"https:\\\/\\\/www.altea-alquilerdebarcos.com\\\/fr\\\/bateaux\\\/bateau-sans-permis\\\/#breadcrumb\"},\"inLanguage\":\"fr-FR\",\"potentialAction\":[{\"@type\":\"ReadAction\",\"target\":[\"https:\\\/\\\/www.altea-alquilerdebarcos.com\\\/fr\\\/bateaux\\\/bateau-sans-permis\\\/\"]}]},{\"@type\":\"ImageObject\",\"inLanguage\":\"fr-FR\",\"@id\":\"https:\\\/\\\/www.altea-alquilerdebarcos.com\\\/fr\\\/bateaux\\\/bateau-sans-permis\\\/#primaryimage\",\"url\":\"https:\\\/\\\/www.altea-alquilerdebarcos.com\\\/wp-content\\\/uploads\\\/2021\\\/04\\\/657CBBEA-8D0E-4DB1-AD11-B668FE51FE76.jpeg\",\"contentUrl\":\"https:\\\/\\\/www.altea-alquilerdebarcos.com\\\/wp-content\\\/uploads\\\/2021\\\/04\\\/657CBBEA-8D0E-4DB1-AD11-B668FE51FE76.jpeg\",\"width\":800,\"height\":517},{\"@type\":\"BreadcrumbList\",\"@id\":\"https:\\\/\\\/www.altea-alquilerdebarcos.com\\\/fr\\\/bateaux\\\/bateau-sans-permis\\\/#breadcrumb\",\"itemListElement\":[{\"@type\":\"ListItem\",\"position\":1,\"name\":\"Produits\",\"item\":\"https:\\\/\\\/www.altea-alquilerdebarcos.com\\\/fr\\\/shop\\\/\"},{\"@type\":\"ListItem\",\"position\":2,\"name\":\"Quicksilver 505 sans permis\"}]},{\"@type\":\"WebSite\",\"@id\":\"http:\\\/\\\/www.altea-alquilerdebarcos.com\\\/fr\\\/#website\",\"url\":\"http:\\\/\\\/www.altea-alquilerdebarcos.com\\\/fr\\\/\",\"name\":\"Evasion Nautica\",\"description\":\"\",\"publisher\":{\"@id\":\"http:\\\/\\\/www.altea-alquilerdebarcos.com\\\/fr\\\/#organization\"},\"potentialAction\":[{\"@type\":\"SearchAction\",\"target\":{\"@type\":\"EntryPoint\",\"urlTemplate\":\"http:\\\/\\\/www.altea-alquilerdebarcos.com\\\/fr\\\/?s={search_term_string}\"},\"query-input\":{\"@type\":\"PropertyValueSpecification\",\"valueRequired\":true,\"valueName\":\"search_term_string\"}}],\"inLanguage\":\"fr-FR\"},{\"@type\":\"Organization\",\"@id\":\"http:\\\/\\\/www.altea-alquilerdebarcos.com\\\/fr\\\/#organization\",\"name\":\"Evasion Nautica\",\"url\":\"http:\\\/\\\/www.altea-alquilerdebarcos.com\\\/fr\\\/\",\"logo\":{\"@type\":\"ImageObject\",\"inLanguage\":\"fr-FR\",\"@id\":\"http:\\\/\\\/www.altea-alquilerdebarcos.com\\\/fr\\\/#\\\/schema\\\/logo\\\/image\\\/\",\"url\":\"https:\\\/\\\/www.altea-alquilerdebarcos.com\\\/wp-content\\\/uploads\\\/2023\\\/12\\\/favicone.jpg\",\"contentUrl\":\"https:\\\/\\\/www.altea-alquilerdebarcos.com\\\/wp-content\\\/uploads\\\/2023\\\/12\\\/favicone.jpg\",\"width\":512,\"height\":512,\"caption\":\"Evasion Nautica\"},\"image\":{\"@id\":\"http:\\\/\\\/www.altea-alquilerdebarcos.com\\\/fr\\\/#\\\/schema\\\/logo\\\/image\\\/\"},\"sameAs\":[\"https:\\\/\\\/www.facebook.com\\\/evasionnautica.es\",\"https:\\\/\\\/x.com\\\/evasion_nautica\",\"https:\\\/\\\/www.tripadvisor.fr\\\/Attraction_Review-g666316-d10486937-Reviews-Evasion_Nautica-Altea_Costa_Blanca_Province_of_Alicante_Valencian_Country.html\"]}]}<\/script>\n<!-- \/ Yoast SEO plugin. -->","yoast_head_json":{"title":"Quicksilver 505 sans permis - Evasion Nautica","robots":{"index":"index","follow":"follow","max-snippet":"max-snippet:-1","max-image-preview":"max-image-preview:large","max-video-preview":"max-video-preview:-1"},"canonical":"https:\/\/www.altea-alquilerdebarcos.com\/fr\/bateaux\/bateau-sans-permis\/","og_locale":"fr_FR","og_type":"article","og_title":"Quicksilver 505 sans permis - Evasion Nautica","og_url":"https:\/\/www.altea-alquilerdebarcos.com\/fr\/bateaux\/bateau-sans-permis\/","og_site_name":"Evasion Nautica","article_publisher":"https:\/\/www.facebook.com\/evasionnautica.es","article_modified_time":"2024-02-05T14:59:32+00:00","og_image":[{"width":800,"height":517,"url":"http:\/\/www.altea-alquilerdebarcos.com\/wp-content\/uploads\/2021\/04\/657CBBEA-8D0E-4DB1-AD11-B668FE51FE76.jpeg","type":"image\/jpeg"}],"twitter_card":"summary_large_image","twitter_description":"[elementor-template id=\"481\"]","twitter_site":"@evasion_nautica","twitter_misc":{"Dur\u00e9e de lecture estim\u00e9e":"1 minute"},"schema":{"@context":"https:\/\/schema.org","@graph":[{"@type":"WebPage","@id":"https:\/\/www.altea-alquilerdebarcos.com\/fr\/bateaux\/bateau-sans-permis\/","url":"https:\/\/www.altea-alquilerdebarcos.com\/fr\/bateaux\/bateau-sans-permis\/","name":"Quicksilver 505 sans permis - Evasion Nautica","isPartOf":{"@id":"http:\/\/www.altea-alquilerdebarcos.com\/fr\/#website"},"primaryImageOfPage":{"@id":"https:\/\/www.altea-alquilerdebarcos.com\/fr\/bateaux\/bateau-sans-permis\/#primaryimage"},"image":{"@id":"https:\/\/www.altea-alquilerdebarcos.com\/fr\/bateaux\/bateau-sans-permis\/#primaryimage"},"thumbnailUrl":"https:\/\/www.altea-alquilerdebarcos.com\/wp-content\/uploads\/2021\/04\/657CBBEA-8D0E-4DB1-AD11-B668FE51FE76.jpeg","datePublished":"2021-05-01T13:47:00+00:00","dateModified":"2024-02-05T14:59:32+00:00","breadcrumb":{"@id":"https:\/\/www.altea-alquilerdebarcos.com\/fr\/bateaux\/bateau-sans-permis\/#breadcrumb"},"inLanguage":"fr-FR","potentialAction":[{"@type":"ReadAction","target":["https:\/\/www.altea-alquilerdebarcos.com\/fr\/bateaux\/bateau-sans-permis\/"]}]},{"@type":"ImageObject","inLanguage":"fr-FR","@id":"https:\/\/www.altea-alquilerdebarcos.com\/fr\/bateaux\/bateau-sans-permis\/#primaryimage","url":"https:\/\/www.altea-alquilerdebarcos.com\/wp-content\/uploads\/2021\/04\/657CBBEA-8D0E-4DB1-AD11-B668FE51FE76.jpeg","contentUrl":"https:\/\/www.altea-alquilerdebarcos.com\/wp-content\/uploads\/2021\/04\/657CBBEA-8D0E-4DB1-AD11-B668FE51FE76.jpeg","width":800,"height":517},{"@type":"BreadcrumbList","@id":"https:\/\/www.altea-alquilerdebarcos.com\/fr\/bateaux\/bateau-sans-permis\/#breadcrumb","itemListElement":[{"@type":"ListItem","position":1,"name":"Produits","item":"https:\/\/www.altea-alquilerdebarcos.com\/fr\/shop\/"},{"@type":"ListItem","position":2,"name":"Quicksilver 505 sans permis"}]},{"@type":"WebSite","@id":"http:\/\/www.altea-alquilerdebarcos.com\/fr\/#website","url":"http:\/\/www.altea-alquilerdebarcos.com\/fr\/","name":"Evasion Nautica","description":"","publisher":{"@id":"http:\/\/www.altea-alquilerdebarcos.com\/fr\/#organization"},"potentialAction":[{"@type":"SearchAction","target":{"@type":"EntryPoint","urlTemplate":"http:\/\/www.altea-alquilerdebarcos.com\/fr\/?s={search_term_string}"},"query-input":{"@type":"PropertyValueSpecification","valueRequired":true,"valueName":"search_term_string"}}],"inLanguage":"fr-FR"},{"@type":"Organization","@id":"http:\/\/www.altea-alquilerdebarcos.com\/fr\/#organization","name":"Evasion Nautica","url":"http:\/\/www.altea-alquilerdebarcos.com\/fr\/","logo":{"@type":"ImageObject","inLanguage":"fr-FR","@id":"http:\/\/www.altea-alquilerdebarcos.com\/fr\/#\/schema\/logo\/image\/","url":"https:\/\/www.altea-alquilerdebarcos.com\/wp-content\/uploads\/2023\/12\/favicone.jpg","contentUrl":"https:\/\/www.altea-alquilerdebarcos.com\/wp-content\/uploads\/2023\/12\/favicone.jpg","width":512,"height":512,"caption":"Evasion Nautica"},"image":{"@id":"http:\/\/www.altea-alquilerdebarcos.com\/fr\/#\/schema\/logo\/image\/"},"sameAs":["https:\/\/www.facebook.com\/evasionnautica.es","https:\/\/x.com\/evasion_nautica","https:\/\/www.tripadvisor.fr\/Attraction_Review-g666316-d10486937-Reviews-Evasion_Nautica-Altea_Costa_Blanca_Province_of_Alicante_Valencian_Country.html"]}]}},"_links":{"self":[{"href":"https:\/\/www.altea-alquilerdebarcos.com\/fr\/wp-json\/wp\/v2\/product\/1415","targetHints":{"allow":["GET"]}}],"collection":[{"href":"https:\/\/www.altea-alquilerdebarcos.com\/fr\/wp-json\/wp\/v2\/product"}],"about":[{"href":"https:\/\/www.altea-alquilerdebarcos.com\/fr\/wp-json\/wp\/v2\/types\/product"}],"wp:featuredmedia":[{"embeddable":true,"href":"https:\/\/www.altea-alquilerdebarcos.com\/fr\/wp-json\/wp\/v2\/media\/3000"}],"wp:attachment":[{"href":"https:\/\/www.altea-alquilerdebarcos.com\/fr\/wp-json\/wp\/v2\/media?parent=1415"}],"wp:term":[{"taxonomy":"product_brand","embeddable":true,"href":"https:\/\/www.altea-alquilerdebarcos.com\/fr\/wp-json\/wp\/v2\/product_brand?post=1415"},{"taxonomy":"product_cat","embeddable":true,"href":"https:\/\/www.altea-alquilerdebarcos.com\/fr\/wp-json\/wp\/v2\/product_cat?post=1415"},{"taxonomy":"product_tag","embeddable":true,"href":"https:\/\/www.altea-alquilerdebarcos.com\/fr\/wp-json\/wp\/v2\/product_tag?post=1415"}],"curies":[{"name":"wp","href":"https:\/\/api.w.org\/{rel}","templated":true}]}}