{"id":1404,"date":"2021-04-22T19:53:29","date_gmt":"2021-04-22T17:53:29","guid":{"rendered":"https:\/\/www.altea-alquilerdebarcos.com\/barcos\/astondoa\/"},"modified":"2026-04-10T11:39:41","modified_gmt":"2026-04-10T09:39:41","slug":"astondoa","status":"publish","type":"product","link":"https:\/\/www.altea-alquilerdebarcos.com\/fr\/bateaux\/astondoa\/","title":{"rendered":"Astondoa 464 avec capitaine"},"content":{"rendered":"<p><strong>Caract\u00e9ristiques<\/strong> (bateau avec skipper)<\/p>\n<ul>\n<li>Marque : Astondoa<\/li>\n<li>Moteurs : 2 x 480 CV<\/li>\n<li>longueur : 14 metres<\/li>\n<li>Max de personnes : 9 personnes<\/li>\n<li>Equipements : Bimini, solarium, musique, table , douche, \u00e9chelle de bain, cabine<\/li>\n<li>Le prix inclus : assurance , capitaine, nettoyage du bateaux, place au port, Paddle , Kayak, essence (zone Altea \/ Calp)<\/li>\n<li>Caution 1000\u20ac<\/li>\n<\/ul>\n<p><strong>N\u2019est pas inclus ni boissons et nourritures<\/strong><\/p>\n<p><strong>Basse saison (octobre a mai ) skipper inclus <\/strong><\/p>\n<p>\u2013 1050\u20ac la demi-journ\u00e9e<\/p>\n<p>&#8211; 1300\u20ac Jour<\/p>\n<p><strong>Moyenne saison (juillet et septembre)<\/strong><\/p>\n<p>&#8211; 1250\u20ac Demie journ\u00e9e<\/p>\n<p>&#8211; 1450\u20ac Jour<\/p>\n<p><strong>Haute saison (ao\u00fbt)<\/strong><\/p>\n<p>&#8211; 1300\u20ac Demie journ\u00e9e<\/p>\n<p>&#8211; 1500\u20ac Jour<\/p>\n<p>Si vous recherchez l&rsquo;\u00e9quilibre remarquable entre luxe, confort et divertissement, vivez une exp\u00e9rience inoubliable sur ce magnifique yacht Astondoa. Son design ext\u00e9rieur pr\u00e9sente un grand solarium \u00e0 l&rsquo;avant pour profiter du soleil, se d\u00e9tendre et de la brise marine. Un salon sur le flybridge avec des vues spectaculaires depuis le haut du navire et le grand cockpit \u00e0 l&rsquo;arri\u00e8re, est un espace o\u00f9 vous pourrez profiter des merveilleux moments de la gastronomie m\u00e9diterran\u00e9enne. . Son am\u00e9nagement int\u00e9rieur offre un spacieux , une cuisine, trois cabines spacieuses et deux salles de bain avec douche, WC et lavabo. Il dispose d&rsquo;un syst\u00e8me de climatisation et de chauffage dans toutes les pi\u00e8ces, ainsi que de hublots qui facilitent la ventilation naturelle. Gr\u00e2ce \u00e0 ses deux moteurs de 480 CV chacun, ce yacht offre une grande acc\u00e9l\u00e9ration et une vitesse de pointe. Sa coque \u00e9l\u00e9gante et mince en fait un bateau extr\u00eamement s\u00fbr et confortable \u00e0 n&rsquo;importe quelle vitesse et dans toutes sortes de conditions m\u00e9t\u00e9orologiques.<\/p>\n<p>Location Yatch Altea avec Evasion Nautica<\/p>\n","protected":false},"excerpt":{"rendered":"[elementor-template id=\"481\"]\n","protected":false},"featured_media":3051,"template":"","meta":{"_acf_changed":false},"product_brand":[],"product_cat":[50],"product_tag":[],"class_list":{"0":"post-1404","1":"product","2":"type-product","3":"status-publish","4":"has-post-thumbnail","6":"product_cat-locations","8":"first","9":"instock","10":"virtual","11":"purchasable","12":"product-type-simple"},"acf":[],"yoast_head":"<!-- This site is optimized with the Yoast SEO plugin v27.5 - https:\/\/yoast.com\/product\/yoast-seo-wordpress\/ -->\n<title>Astondoa 464 avec capitaine - Evasion Nautica<\/title>\n<meta name=\"robots\" content=\"index, follow, max-snippet:-1, max-image-preview:large, max-video-preview:-1\" \/>\n<link rel=\"canonical\" href=\"https:\/\/www.altea-alquilerdebarcos.com\/fr\/bateaux\/astondoa\/\" \/>\n<meta property=\"og:locale\" content=\"fr_FR\" \/>\n<meta property=\"og:type\" content=\"article\" \/>\n<meta property=\"og:title\" content=\"Astondoa 464 avec capitaine - Evasion Nautica\" \/>\n<meta property=\"og:url\" content=\"https:\/\/www.altea-alquilerdebarcos.com\/fr\/bateaux\/astondoa\/\" \/>\n<meta property=\"og:site_name\" content=\"Evasion Nautica\" \/>\n<meta property=\"article:publisher\" content=\"https:\/\/www.facebook.com\/evasionnautica.es\" \/>\n<meta property=\"article:modified_time\" content=\"2026-04-10T09:39:41+00:00\" \/>\n<meta property=\"og:image\" content=\"https:\/\/www.altea-alquilerdebarcos.com\/wp-content\/uploads\/2021\/04\/70F97400-5A78-4F01-8D13-693B0D74A1A7.jpeg\" \/>\n\t<meta property=\"og:image:width\" content=\"1125\" \/>\n\t<meta property=\"og:image:height\" content=\"1135\" \/>\n\t<meta property=\"og:image:type\" content=\"image\/jpeg\" \/>\n<meta name=\"twitter:card\" content=\"summary_large_image\" \/>\n<meta name=\"twitter:description\" content=\"[elementor-template id=&quot;481&quot;]\" \/>\n<meta name=\"twitter:site\" content=\"@evasion_nautica\" \/>\n<meta name=\"twitter:label1\" content=\"Dur\u00e9e de lecture estim\u00e9e\" \/>\n\t<meta name=\"twitter:data1\" content=\"2 minutes\" \/>\n<script type=\"application\/ld+json\" class=\"yoast-schema-graph\">{\"@context\":\"https:\\\/\\\/schema.org\",\"@graph\":[{\"@type\":\"WebPage\",\"@id\":\"https:\\\/\\\/www.altea-alquilerdebarcos.com\\\/fr\\\/bateaux\\\/astondoa\\\/\",\"url\":\"https:\\\/\\\/www.altea-alquilerdebarcos.com\\\/fr\\\/bateaux\\\/astondoa\\\/\",\"name\":\"Astondoa 464 avec capitaine - Evasion Nautica\",\"isPartOf\":{\"@id\":\"http:\\\/\\\/www.altea-alquilerdebarcos.com\\\/fr\\\/#website\"},\"primaryImageOfPage\":{\"@id\":\"https:\\\/\\\/www.altea-alquilerdebarcos.com\\\/fr\\\/bateaux\\\/astondoa\\\/#primaryimage\"},\"image\":{\"@id\":\"https:\\\/\\\/www.altea-alquilerdebarcos.com\\\/fr\\\/bateaux\\\/astondoa\\\/#primaryimage\"},\"thumbnailUrl\":\"https:\\\/\\\/www.altea-alquilerdebarcos.com\\\/wp-content\\\/uploads\\\/2021\\\/04\\\/70F97400-5A78-4F01-8D13-693B0D74A1A7.jpeg\",\"datePublished\":\"2021-04-22T17:53:29+00:00\",\"dateModified\":\"2026-04-10T09:39:41+00:00\",\"breadcrumb\":{\"@id\":\"https:\\\/\\\/www.altea-alquilerdebarcos.com\\\/fr\\\/bateaux\\\/astondoa\\\/#breadcrumb\"},\"inLanguage\":\"fr-FR\",\"potentialAction\":[{\"@type\":\"ReadAction\",\"target\":[\"https:\\\/\\\/www.altea-alquilerdebarcos.com\\\/fr\\\/bateaux\\\/astondoa\\\/\"]}]},{\"@type\":\"ImageObject\",\"inLanguage\":\"fr-FR\",\"@id\":\"https:\\\/\\\/www.altea-alquilerdebarcos.com\\\/fr\\\/bateaux\\\/astondoa\\\/#primaryimage\",\"url\":\"https:\\\/\\\/www.altea-alquilerdebarcos.com\\\/wp-content\\\/uploads\\\/2021\\\/04\\\/70F97400-5A78-4F01-8D13-693B0D74A1A7.jpeg\",\"contentUrl\":\"https:\\\/\\\/www.altea-alquilerdebarcos.com\\\/wp-content\\\/uploads\\\/2021\\\/04\\\/70F97400-5A78-4F01-8D13-693B0D74A1A7.jpeg\",\"width\":1125,\"height\":1135},{\"@type\":\"BreadcrumbList\",\"@id\":\"https:\\\/\\\/www.altea-alquilerdebarcos.com\\\/fr\\\/bateaux\\\/astondoa\\\/#breadcrumb\",\"itemListElement\":[{\"@type\":\"ListItem\",\"position\":1,\"name\":\"Produits\",\"item\":\"https:\\\/\\\/www.altea-alquilerdebarcos.com\\\/fr\\\/shop\\\/\"},{\"@type\":\"ListItem\",\"position\":2,\"name\":\"Astondoa 464 avec capitaine\"}]},{\"@type\":\"WebSite\",\"@id\":\"http:\\\/\\\/www.altea-alquilerdebarcos.com\\\/fr\\\/#website\",\"url\":\"http:\\\/\\\/www.altea-alquilerdebarcos.com\\\/fr\\\/\",\"name\":\"Evasion Nautica\",\"description\":\"\",\"publisher\":{\"@id\":\"http:\\\/\\\/www.altea-alquilerdebarcos.com\\\/fr\\\/#organization\"},\"potentialAction\":[{\"@type\":\"SearchAction\",\"target\":{\"@type\":\"EntryPoint\",\"urlTemplate\":\"http:\\\/\\\/www.altea-alquilerdebarcos.com\\\/fr\\\/?s={search_term_string}\"},\"query-input\":{\"@type\":\"PropertyValueSpecification\",\"valueRequired\":true,\"valueName\":\"search_term_string\"}}],\"inLanguage\":\"fr-FR\"},{\"@type\":\"Organization\",\"@id\":\"http:\\\/\\\/www.altea-alquilerdebarcos.com\\\/fr\\\/#organization\",\"name\":\"Evasion Nautica\",\"url\":\"http:\\\/\\\/www.altea-alquilerdebarcos.com\\\/fr\\\/\",\"logo\":{\"@type\":\"ImageObject\",\"inLanguage\":\"fr-FR\",\"@id\":\"http:\\\/\\\/www.altea-alquilerdebarcos.com\\\/fr\\\/#\\\/schema\\\/logo\\\/image\\\/\",\"url\":\"https:\\\/\\\/www.altea-alquilerdebarcos.com\\\/wp-content\\\/uploads\\\/2023\\\/12\\\/favicone.jpg\",\"contentUrl\":\"https:\\\/\\\/www.altea-alquilerdebarcos.com\\\/wp-content\\\/uploads\\\/2023\\\/12\\\/favicone.jpg\",\"width\":512,\"height\":512,\"caption\":\"Evasion Nautica\"},\"image\":{\"@id\":\"http:\\\/\\\/www.altea-alquilerdebarcos.com\\\/fr\\\/#\\\/schema\\\/logo\\\/image\\\/\"},\"sameAs\":[\"https:\\\/\\\/www.facebook.com\\\/evasionnautica.es\",\"https:\\\/\\\/x.com\\\/evasion_nautica\",\"https:\\\/\\\/www.tripadvisor.fr\\\/Attraction_Review-g666316-d10486937-Reviews-Evasion_Nautica-Altea_Costa_Blanca_Province_of_Alicante_Valencian_Country.html\"]}]}<\/script>\n<!-- \/ Yoast SEO plugin. -->","yoast_head_json":{"title":"Astondoa 464 avec capitaine - Evasion Nautica","robots":{"index":"index","follow":"follow","max-snippet":"max-snippet:-1","max-image-preview":"max-image-preview:large","max-video-preview":"max-video-preview:-1"},"canonical":"https:\/\/www.altea-alquilerdebarcos.com\/fr\/bateaux\/astondoa\/","og_locale":"fr_FR","og_type":"article","og_title":"Astondoa 464 avec capitaine - Evasion Nautica","og_url":"https:\/\/www.altea-alquilerdebarcos.com\/fr\/bateaux\/astondoa\/","og_site_name":"Evasion Nautica","article_publisher":"https:\/\/www.facebook.com\/evasionnautica.es","article_modified_time":"2026-04-10T09:39:41+00:00","og_image":[{"width":1125,"height":1135,"url":"https:\/\/www.altea-alquilerdebarcos.com\/wp-content\/uploads\/2021\/04\/70F97400-5A78-4F01-8D13-693B0D74A1A7.jpeg","type":"image\/jpeg"}],"twitter_card":"summary_large_image","twitter_description":"[elementor-template id=\"481\"]","twitter_site":"@evasion_nautica","twitter_misc":{"Dur\u00e9e de lecture estim\u00e9e":"2 minutes"},"schema":{"@context":"https:\/\/schema.org","@graph":[{"@type":"WebPage","@id":"https:\/\/www.altea-alquilerdebarcos.com\/fr\/bateaux\/astondoa\/","url":"https:\/\/www.altea-alquilerdebarcos.com\/fr\/bateaux\/astondoa\/","name":"Astondoa 464 avec capitaine - Evasion Nautica","isPartOf":{"@id":"http:\/\/www.altea-alquilerdebarcos.com\/fr\/#website"},"primaryImageOfPage":{"@id":"https:\/\/www.altea-alquilerdebarcos.com\/fr\/bateaux\/astondoa\/#primaryimage"},"image":{"@id":"https:\/\/www.altea-alquilerdebarcos.com\/fr\/bateaux\/astondoa\/#primaryimage"},"thumbnailUrl":"https:\/\/www.altea-alquilerdebarcos.com\/wp-content\/uploads\/2021\/04\/70F97400-5A78-4F01-8D13-693B0D74A1A7.jpeg","datePublished":"2021-04-22T17:53:29+00:00","dateModified":"2026-04-10T09:39:41+00:00","breadcrumb":{"@id":"https:\/\/www.altea-alquilerdebarcos.com\/fr\/bateaux\/astondoa\/#breadcrumb"},"inLanguage":"fr-FR","potentialAction":[{"@type":"ReadAction","target":["https:\/\/www.altea-alquilerdebarcos.com\/fr\/bateaux\/astondoa\/"]}]},{"@type":"ImageObject","inLanguage":"fr-FR","@id":"https:\/\/www.altea-alquilerdebarcos.com\/fr\/bateaux\/astondoa\/#primaryimage","url":"https:\/\/www.altea-alquilerdebarcos.com\/wp-content\/uploads\/2021\/04\/70F97400-5A78-4F01-8D13-693B0D74A1A7.jpeg","contentUrl":"https:\/\/www.altea-alquilerdebarcos.com\/wp-content\/uploads\/2021\/04\/70F97400-5A78-4F01-8D13-693B0D74A1A7.jpeg","width":1125,"height":1135},{"@type":"BreadcrumbList","@id":"https:\/\/www.altea-alquilerdebarcos.com\/fr\/bateaux\/astondoa\/#breadcrumb","itemListElement":[{"@type":"ListItem","position":1,"name":"Produits","item":"https:\/\/www.altea-alquilerdebarcos.com\/fr\/shop\/"},{"@type":"ListItem","position":2,"name":"Astondoa 464 avec capitaine"}]},{"@type":"WebSite","@id":"http:\/\/www.altea-alquilerdebarcos.com\/fr\/#website","url":"http:\/\/www.altea-alquilerdebarcos.com\/fr\/","name":"Evasion Nautica","description":"","publisher":{"@id":"http:\/\/www.altea-alquilerdebarcos.com\/fr\/#organization"},"potentialAction":[{"@type":"SearchAction","target":{"@type":"EntryPoint","urlTemplate":"http:\/\/www.altea-alquilerdebarcos.com\/fr\/?s={search_term_string}"},"query-input":{"@type":"PropertyValueSpecification","valueRequired":true,"valueName":"search_term_string"}}],"inLanguage":"fr-FR"},{"@type":"Organization","@id":"http:\/\/www.altea-alquilerdebarcos.com\/fr\/#organization","name":"Evasion Nautica","url":"http:\/\/www.altea-alquilerdebarcos.com\/fr\/","logo":{"@type":"ImageObject","inLanguage":"fr-FR","@id":"http:\/\/www.altea-alquilerdebarcos.com\/fr\/#\/schema\/logo\/image\/","url":"https:\/\/www.altea-alquilerdebarcos.com\/wp-content\/uploads\/2023\/12\/favicone.jpg","contentUrl":"https:\/\/www.altea-alquilerdebarcos.com\/wp-content\/uploads\/2023\/12\/favicone.jpg","width":512,"height":512,"caption":"Evasion Nautica"},"image":{"@id":"http:\/\/www.altea-alquilerdebarcos.com\/fr\/#\/schema\/logo\/image\/"},"sameAs":["https:\/\/www.facebook.com\/evasionnautica.es","https:\/\/x.com\/evasion_nautica","https:\/\/www.tripadvisor.fr\/Attraction_Review-g666316-d10486937-Reviews-Evasion_Nautica-Altea_Costa_Blanca_Province_of_Alicante_Valencian_Country.html"]}]}},"_links":{"self":[{"href":"https:\/\/www.altea-alquilerdebarcos.com\/fr\/wp-json\/wp\/v2\/product\/1404","targetHints":{"allow":["GET"]}}],"collection":[{"href":"https:\/\/www.altea-alquilerdebarcos.com\/fr\/wp-json\/wp\/v2\/product"}],"about":[{"href":"https:\/\/www.altea-alquilerdebarcos.com\/fr\/wp-json\/wp\/v2\/types\/product"}],"wp:featuredmedia":[{"embeddable":true,"href":"https:\/\/www.altea-alquilerdebarcos.com\/fr\/wp-json\/wp\/v2\/media\/3051"}],"wp:attachment":[{"href":"https:\/\/www.altea-alquilerdebarcos.com\/fr\/wp-json\/wp\/v2\/media?parent=1404"}],"wp:term":[{"taxonomy":"product_brand","embeddable":true,"href":"https:\/\/www.altea-alquilerdebarcos.com\/fr\/wp-json\/wp\/v2\/product_brand?post=1404"},{"taxonomy":"product_cat","embeddable":true,"href":"https:\/\/www.altea-alquilerdebarcos.com\/fr\/wp-json\/wp\/v2\/product_cat?post=1404"},{"taxonomy":"product_tag","embeddable":true,"href":"https:\/\/www.altea-alquilerdebarcos.com\/fr\/wp-json\/wp\/v2\/product_tag?post=1404"}],"curies":[{"name":"wp","href":"https:\/\/api.w.org\/{rel}","templated":true}]}}