{"id":3396,"date":"2023-05-12T15:56:27","date_gmt":"2023-05-12T13:56:27","guid":{"rendered":"https:\/\/www.altea-alquilerdebarcos.com\/?post_type=product&#038;p=3396"},"modified":"2025-03-29T21:44:24","modified_gmt":"2025-03-29T20:44:24","slug":"barco-sin-titulo-2","status":"publish","type":"product","link":"http:\/\/www.altea-alquilerdebarcos.com\/fr\/bateaux\/barco-sin-titulo-2\/","title":{"rendered":"Matrix sans permis"},"content":{"rendered":"<p><strong>Caract\u00e9ristiques<\/strong> (bateau sans permis)<\/p>\n<ul>\n<li><strong>Marque<\/strong> : Matrix<\/li>\n<li><strong>Moteur<\/strong> : 15 CV<\/li>\n<li><strong>Longueur<\/strong> : 5 m<\/li>\n<li><strong>Nombre maximum <\/strong>: 6 personnes<\/li>\n<li><strong>\u00c9quipements<\/strong> : Taud de soleil, musique, solarium, \u00e9chelle de bain, table<\/li>\n<li><strong>Les prix comprennent<\/strong>\u00a0: la TVA, l&rsquo;\u00e9quipement, l&rsquo;amarrage, le nettoyage du bateau, l&rsquo;assurance<\/li>\n<\/ul>\n<p>&nbsp;<\/p>\n<p style=\"text-align: center;\"><strong>BASSE SAISON (septembre \u00e0 juin)<\/strong><\/p>\n<table border=\"1\" width=\"100%\" cellspacing=\"0\" cellpadding=\"4\">\n<tbody>\n<tr valign=\"TOP\">\n<td width=\"50%\" height=\"15\">\n<p align=\"CENTER\"><span style=\"font-family: Arial, sans-serif;\">2 HEURES<\/span><\/p>\n<\/td>\n<td width=\"50%\">\n<p align=\"CENTER\"><span style=\"font-family: Arial, sans-serif;\"><b>100,00 \u20ac<\/b><\/span><\/p>\n<\/td>\n<\/tr>\n<tr valign=\"TOP\">\n<td width=\"50%\" height=\"16\">\n<p align=\"CENTER\"><span style=\"font-family: Arial, sans-serif;\">DEMIE JOURNEE 4 HEURES<\/span><\/p>\n<\/td>\n<td width=\"50%\">\n<p align=\"CENTER\"><span style=\"font-family: Arial, sans-serif;\"><b>160,00 \u20ac<\/b><\/span><\/p>\n<\/td>\n<\/tr>\n<tr valign=\"TOP\">\n<td width=\"50%\">\n<p align=\"CENTER\"><span style=\"font-family: Arial, sans-serif;\">JOURNEE 8 HEURES<\/span><\/p>\n<\/td>\n<td width=\"50%\">\n<p align=\"CENTER\"><span style=\"font-family: Arial, sans-serif;\"><b>270,00 \u20ac<\/b><\/span><\/p>\n<\/td>\n<\/tr>\n<\/tbody>\n<\/table>\n<p>&nbsp;<\/p>\n<p style=\"text-align: center;\"><strong>HAUTE SAISON (juillet et ao\u00fbt)<\/strong><\/p>\n<table border=\"1\" width=\"100%\" cellspacing=\"0\" cellpadding=\"4\">\n<tbody>\n<tr valign=\"TOP\">\n<td width=\"50%\" height=\"15\">\n<p align=\"CENTER\"><span style=\"font-family: Arial, sans-serif;\">2 HEURES<\/span><\/p>\n<\/td>\n<td width=\"50%\">\n<p align=\"CENTER\"><span style=\"font-family: Arial, sans-serif;\"><b>100,00 \u20ac<\/b><\/span><\/p>\n<\/td>\n<\/tr>\n<tr valign=\"TOP\">\n<td width=\"50%\" height=\"16\">\n<p align=\"CENTER\"><span style=\"font-family: Arial, sans-serif;\">DEMIE JOURNEE 4 HEURES<\/span><\/p>\n<\/td>\n<td width=\"50%\">\n<p align=\"CENTER\"><span style=\"font-family: Arial, sans-serif;\"><b>190,00 \u20ac<\/b><\/span><\/p>\n<\/td>\n<\/tr>\n<tr valign=\"TOP\">\n<td width=\"50%\">\n<p align=\"CENTER\"><span style=\"font-family: Arial, sans-serif;\">JOURNEE 8 HEURES<\/span><\/p>\n<\/td>\n<td width=\"50%\">\n<p align=\"CENTER\"><span style=\"font-family: Arial, sans-serif;\"><b>300,00 \u20ac<\/b><\/span><\/p>\n<\/td>\n<\/tr>\n<\/tbody>\n<\/table>\n<p>&nbsp;<\/p>\n<ul>\n<li><strong>CAUTION\u00a0: 400 \u20ac<\/strong><\/li>\n<\/ul>\n<p>Notre Matrix est un bateau\u00a0 sans permis, tr\u00e8s spacieux, s\u00fbr et facile. Il est \u00e9quip\u00e9 d un taud de soleil, musique , \u00e9chelle de bain , table. Bateau confortable qui a une capacite de 6 personnes<\/p>\n<p>Location de bateaux Altea, le bateau est bas\u00e9 au club Nautico Altea<\/p>\n","protected":false},"excerpt":{"rendered":"[elementor-template id=\"481\"]\n","protected":false},"featured_media":6781,"template":"","meta":{"_acf_changed":false},"product_brand":[],"product_cat":[50],"product_tag":[],"class_list":{"0":"post-3396","1":"product","2":"type-product","3":"status-publish","4":"has-post-thumbnail","6":"product_cat-locations","8":"first","9":"instock","10":"virtual","11":"purchasable","12":"product-type-simple"},"acf":[],"yoast_head":"<!-- This site is optimized with the Yoast SEO plugin v27.6 - https:\/\/yoast.com\/product\/yoast-seo-wordpress\/ -->\n<title>Matrix sans permis - Evasion Nautica<\/title>\n<meta name=\"robots\" content=\"index, follow, max-snippet:-1, max-image-preview:large, max-video-preview:-1\" \/>\n<link rel=\"canonical\" href=\"http:\/\/www.altea-alquilerdebarcos.com\/fr\/bateaux\/barco-sin-titulo-2\/\" \/>\n<meta property=\"og:locale\" content=\"fr_FR\" \/>\n<meta property=\"og:type\" content=\"article\" \/>\n<meta property=\"og:title\" content=\"Matrix sans permis - Evasion Nautica\" \/>\n<meta property=\"og:url\" content=\"http:\/\/www.altea-alquilerdebarcos.com\/fr\/bateaux\/barco-sin-titulo-2\/\" \/>\n<meta property=\"og:site_name\" content=\"Evasion Nautica\" \/>\n<meta property=\"article:publisher\" content=\"https:\/\/www.facebook.com\/evasionnautica.es\" \/>\n<meta property=\"article:modified_time\" content=\"2025-03-29T20:44:24+00:00\" \/>\n<meta property=\"og:image\" content=\"http:\/\/www.altea-alquilerdebarcos.com\/wp-content\/uploads\/2023\/05\/IMG_2936-scaled.jpg\" \/>\n\t<meta property=\"og:image:width\" content=\"2560\" \/>\n\t<meta property=\"og:image:height\" content=\"1920\" \/>\n\t<meta property=\"og:image:type\" content=\"image\/jpeg\" \/>\n<meta name=\"twitter:card\" content=\"summary_large_image\" \/>\n<meta name=\"twitter:description\" content=\"[elementor-template id=&quot;481&quot;]\" \/>\n<meta name=\"twitter:site\" content=\"@evasion_nautica\" \/>\n<meta name=\"twitter:label1\" content=\"Dur\u00e9e de lecture estim\u00e9e\" \/>\n\t<meta name=\"twitter:data1\" content=\"1 minute\" \/>\n<script type=\"application\/ld+json\" class=\"yoast-schema-graph\">{\"@context\":\"https:\\\/\\\/schema.org\",\"@graph\":[{\"@type\":\"WebPage\",\"@id\":\"http:\\\/\\\/www.altea-alquilerdebarcos.com\\\/fr\\\/bateaux\\\/barco-sin-titulo-2\\\/\",\"url\":\"http:\\\/\\\/www.altea-alquilerdebarcos.com\\\/fr\\\/bateaux\\\/barco-sin-titulo-2\\\/\",\"name\":\"Matrix sans permis - Evasion Nautica\",\"isPartOf\":{\"@id\":\"https:\\\/\\\/www.altea-alquilerdebarcos.com\\\/fr\\\/#website\"},\"primaryImageOfPage\":{\"@id\":\"http:\\\/\\\/www.altea-alquilerdebarcos.com\\\/fr\\\/bateaux\\\/barco-sin-titulo-2\\\/#primaryimage\"},\"image\":{\"@id\":\"http:\\\/\\\/www.altea-alquilerdebarcos.com\\\/fr\\\/bateaux\\\/barco-sin-titulo-2\\\/#primaryimage\"},\"thumbnailUrl\":\"http:\\\/\\\/www.altea-alquilerdebarcos.com\\\/wp-content\\\/uploads\\\/2023\\\/05\\\/IMG_2936-scaled.jpg\",\"datePublished\":\"2023-05-12T13:56:27+00:00\",\"dateModified\":\"2025-03-29T20:44:24+00:00\",\"breadcrumb\":{\"@id\":\"http:\\\/\\\/www.altea-alquilerdebarcos.com\\\/fr\\\/bateaux\\\/barco-sin-titulo-2\\\/#breadcrumb\"},\"inLanguage\":\"fr-FR\",\"potentialAction\":[{\"@type\":\"ReadAction\",\"target\":[\"http:\\\/\\\/www.altea-alquilerdebarcos.com\\\/fr\\\/bateaux\\\/barco-sin-titulo-2\\\/\"]}]},{\"@type\":\"ImageObject\",\"inLanguage\":\"fr-FR\",\"@id\":\"http:\\\/\\\/www.altea-alquilerdebarcos.com\\\/fr\\\/bateaux\\\/barco-sin-titulo-2\\\/#primaryimage\",\"url\":\"http:\\\/\\\/www.altea-alquilerdebarcos.com\\\/wp-content\\\/uploads\\\/2023\\\/05\\\/IMG_2936-scaled.jpg\",\"contentUrl\":\"http:\\\/\\\/www.altea-alquilerdebarcos.com\\\/wp-content\\\/uploads\\\/2023\\\/05\\\/IMG_2936-scaled.jpg\",\"width\":2560,\"height\":1920},{\"@type\":\"BreadcrumbList\",\"@id\":\"http:\\\/\\\/www.altea-alquilerdebarcos.com\\\/fr\\\/bateaux\\\/barco-sin-titulo-2\\\/#breadcrumb\",\"itemListElement\":[{\"@type\":\"ListItem\",\"position\":1,\"name\":\"Produits\",\"item\":\"http:\\\/\\\/www.altea-alquilerdebarcos.com\\\/fr\\\/shop\\\/\"},{\"@type\":\"ListItem\",\"position\":2,\"name\":\"Matrix sans permis\"}]},{\"@type\":\"WebSite\",\"@id\":\"https:\\\/\\\/www.altea-alquilerdebarcos.com\\\/fr\\\/#website\",\"url\":\"https:\\\/\\\/www.altea-alquilerdebarcos.com\\\/fr\\\/\",\"name\":\"Evasion Nautica\",\"description\":\"\",\"publisher\":{\"@id\":\"https:\\\/\\\/www.altea-alquilerdebarcos.com\\\/fr\\\/#organization\"},\"potentialAction\":[{\"@type\":\"SearchAction\",\"target\":{\"@type\":\"EntryPoint\",\"urlTemplate\":\"https:\\\/\\\/www.altea-alquilerdebarcos.com\\\/fr\\\/?s={search_term_string}\"},\"query-input\":{\"@type\":\"PropertyValueSpecification\",\"valueRequired\":true,\"valueName\":\"search_term_string\"}}],\"inLanguage\":\"fr-FR\"},{\"@type\":\"Organization\",\"@id\":\"https:\\\/\\\/www.altea-alquilerdebarcos.com\\\/fr\\\/#organization\",\"name\":\"Evasion Nautica\",\"url\":\"https:\\\/\\\/www.altea-alquilerdebarcos.com\\\/fr\\\/\",\"logo\":{\"@type\":\"ImageObject\",\"inLanguage\":\"fr-FR\",\"@id\":\"https:\\\/\\\/www.altea-alquilerdebarcos.com\\\/fr\\\/#\\\/schema\\\/logo\\\/image\\\/\",\"url\":\"https:\\\/\\\/www.altea-alquilerdebarcos.com\\\/wp-content\\\/uploads\\\/2023\\\/12\\\/favicone.jpg\",\"contentUrl\":\"https:\\\/\\\/www.altea-alquilerdebarcos.com\\\/wp-content\\\/uploads\\\/2023\\\/12\\\/favicone.jpg\",\"width\":512,\"height\":512,\"caption\":\"Evasion Nautica\"},\"image\":{\"@id\":\"https:\\\/\\\/www.altea-alquilerdebarcos.com\\\/fr\\\/#\\\/schema\\\/logo\\\/image\\\/\"},\"sameAs\":[\"https:\\\/\\\/www.facebook.com\\\/evasionnautica.es\",\"https:\\\/\\\/x.com\\\/evasion_nautica\",\"https:\\\/\\\/www.tripadvisor.fr\\\/Attraction_Review-g666316-d10486937-Reviews-Evasion_Nautica-Altea_Costa_Blanca_Province_of_Alicante_Valencian_Country.html\"]}]}<\/script>\n<!-- \/ Yoast SEO plugin. -->","yoast_head_json":{"title":"Matrix sans permis - Evasion Nautica","robots":{"index":"index","follow":"follow","max-snippet":"max-snippet:-1","max-image-preview":"max-image-preview:large","max-video-preview":"max-video-preview:-1"},"canonical":"http:\/\/www.altea-alquilerdebarcos.com\/fr\/bateaux\/barco-sin-titulo-2\/","og_locale":"fr_FR","og_type":"article","og_title":"Matrix sans permis - Evasion Nautica","og_url":"http:\/\/www.altea-alquilerdebarcos.com\/fr\/bateaux\/barco-sin-titulo-2\/","og_site_name":"Evasion Nautica","article_publisher":"https:\/\/www.facebook.com\/evasionnautica.es","article_modified_time":"2025-03-29T20:44:24+00:00","og_image":[{"width":2560,"height":1920,"url":"http:\/\/www.altea-alquilerdebarcos.com\/wp-content\/uploads\/2023\/05\/IMG_2936-scaled.jpg","type":"image\/jpeg"}],"twitter_card":"summary_large_image","twitter_description":"[elementor-template id=\"481\"]","twitter_site":"@evasion_nautica","twitter_misc":{"Dur\u00e9e de lecture estim\u00e9e":"1 minute"},"schema":{"@context":"https:\/\/schema.org","@graph":[{"@type":"WebPage","@id":"http:\/\/www.altea-alquilerdebarcos.com\/fr\/bateaux\/barco-sin-titulo-2\/","url":"http:\/\/www.altea-alquilerdebarcos.com\/fr\/bateaux\/barco-sin-titulo-2\/","name":"Matrix sans permis - Evasion Nautica","isPartOf":{"@id":"https:\/\/www.altea-alquilerdebarcos.com\/fr\/#website"},"primaryImageOfPage":{"@id":"http:\/\/www.altea-alquilerdebarcos.com\/fr\/bateaux\/barco-sin-titulo-2\/#primaryimage"},"image":{"@id":"http:\/\/www.altea-alquilerdebarcos.com\/fr\/bateaux\/barco-sin-titulo-2\/#primaryimage"},"thumbnailUrl":"http:\/\/www.altea-alquilerdebarcos.com\/wp-content\/uploads\/2023\/05\/IMG_2936-scaled.jpg","datePublished":"2023-05-12T13:56:27+00:00","dateModified":"2025-03-29T20:44:24+00:00","breadcrumb":{"@id":"http:\/\/www.altea-alquilerdebarcos.com\/fr\/bateaux\/barco-sin-titulo-2\/#breadcrumb"},"inLanguage":"fr-FR","potentialAction":[{"@type":"ReadAction","target":["http:\/\/www.altea-alquilerdebarcos.com\/fr\/bateaux\/barco-sin-titulo-2\/"]}]},{"@type":"ImageObject","inLanguage":"fr-FR","@id":"http:\/\/www.altea-alquilerdebarcos.com\/fr\/bateaux\/barco-sin-titulo-2\/#primaryimage","url":"http:\/\/www.altea-alquilerdebarcos.com\/wp-content\/uploads\/2023\/05\/IMG_2936-scaled.jpg","contentUrl":"http:\/\/www.altea-alquilerdebarcos.com\/wp-content\/uploads\/2023\/05\/IMG_2936-scaled.jpg","width":2560,"height":1920},{"@type":"BreadcrumbList","@id":"http:\/\/www.altea-alquilerdebarcos.com\/fr\/bateaux\/barco-sin-titulo-2\/#breadcrumb","itemListElement":[{"@type":"ListItem","position":1,"name":"Produits","item":"http:\/\/www.altea-alquilerdebarcos.com\/fr\/shop\/"},{"@type":"ListItem","position":2,"name":"Matrix sans permis"}]},{"@type":"WebSite","@id":"https:\/\/www.altea-alquilerdebarcos.com\/fr\/#website","url":"https:\/\/www.altea-alquilerdebarcos.com\/fr\/","name":"Evasion Nautica","description":"","publisher":{"@id":"https:\/\/www.altea-alquilerdebarcos.com\/fr\/#organization"},"potentialAction":[{"@type":"SearchAction","target":{"@type":"EntryPoint","urlTemplate":"https:\/\/www.altea-alquilerdebarcos.com\/fr\/?s={search_term_string}"},"query-input":{"@type":"PropertyValueSpecification","valueRequired":true,"valueName":"search_term_string"}}],"inLanguage":"fr-FR"},{"@type":"Organization","@id":"https:\/\/www.altea-alquilerdebarcos.com\/fr\/#organization","name":"Evasion Nautica","url":"https:\/\/www.altea-alquilerdebarcos.com\/fr\/","logo":{"@type":"ImageObject","inLanguage":"fr-FR","@id":"https:\/\/www.altea-alquilerdebarcos.com\/fr\/#\/schema\/logo\/image\/","url":"https:\/\/www.altea-alquilerdebarcos.com\/wp-content\/uploads\/2023\/12\/favicone.jpg","contentUrl":"https:\/\/www.altea-alquilerdebarcos.com\/wp-content\/uploads\/2023\/12\/favicone.jpg","width":512,"height":512,"caption":"Evasion Nautica"},"image":{"@id":"https:\/\/www.altea-alquilerdebarcos.com\/fr\/#\/schema\/logo\/image\/"},"sameAs":["https:\/\/www.facebook.com\/evasionnautica.es","https:\/\/x.com\/evasion_nautica","https:\/\/www.tripadvisor.fr\/Attraction_Review-g666316-d10486937-Reviews-Evasion_Nautica-Altea_Costa_Blanca_Province_of_Alicante_Valencian_Country.html"]}]}},"_links":{"self":[{"href":"http:\/\/www.altea-alquilerdebarcos.com\/fr\/wp-json\/wp\/v2\/product\/3396","targetHints":{"allow":["GET"]}}],"collection":[{"href":"http:\/\/www.altea-alquilerdebarcos.com\/fr\/wp-json\/wp\/v2\/product"}],"about":[{"href":"http:\/\/www.altea-alquilerdebarcos.com\/fr\/wp-json\/wp\/v2\/types\/product"}],"wp:featuredmedia":[{"embeddable":true,"href":"http:\/\/www.altea-alquilerdebarcos.com\/fr\/wp-json\/wp\/v2\/media\/6781"}],"wp:attachment":[{"href":"http:\/\/www.altea-alquilerdebarcos.com\/fr\/wp-json\/wp\/v2\/media?parent=3396"}],"wp:term":[{"taxonomy":"product_brand","embeddable":true,"href":"http:\/\/www.altea-alquilerdebarcos.com\/fr\/wp-json\/wp\/v2\/product_brand?post=3396"},{"taxonomy":"product_cat","embeddable":true,"href":"http:\/\/www.altea-alquilerdebarcos.com\/fr\/wp-json\/wp\/v2\/product_cat?post=3396"},{"taxonomy":"product_tag","embeddable":true,"href":"http:\/\/www.altea-alquilerdebarcos.com\/fr\/wp-json\/wp\/v2\/product_tag?post=3396"}],"curies":[{"name":"wp","href":"https:\/\/api.w.org\/{rel}","templated":true}]}}